{"id":254,"date":"2025-08-28T03:20:13","date_gmt":"2025-08-28T03:20:13","guid":{"rendered":"https:\/\/yiliao.ui-project.com\/?post_type=product&#038;p=254"},"modified":"2025-08-29T09:12:32","modified_gmt":"2025-08-29T09:12:32","slug":"hd-image-workstation","status":"publish","type":"product","link":"https:\/\/zoomsurg.com\/pt\/produto\/hd-image-workstation\/","title":{"rendered":"HD Imagens de Esta\u00e7\u00e3o de trabalho"},"content":{"rendered":"<p><strong>Recursos<\/strong><\/p>\n<ul>\n<li>Tempo Real de visualiza\u00e7\u00e3o e armazenamento de cirurgia imagens de v\u00eddeo; possui fun\u00e7\u00f5es de edi\u00e7\u00e3o de texto, tais como pesquisa, revis\u00e3o, e o corte, bem como a letra e a voz, al\u00e9m de fun\u00e7\u00f5es.<\/li>\n<li>Melhorar digital registros m\u00e9dicos por gravar e armazenar b\u00e1sico de informa\u00e7\u00f5es do paciente.<\/li>\n<li>Registro cir\u00fargico imagens e fotos e automaticamente a categorizar e salv\u00e1-los para facilitar a classifica\u00e7\u00e3o e estat\u00edsticas. Usar uma variedade de m\u00e9todos para consultar, recuperar e imprimir registros m\u00e9dicos e a dados de imagem.<\/li>\n<li>Equipado com full HD cir\u00fargico de imagem sem perdas software de edi\u00e7\u00e3o, edi\u00e7\u00e3o de imagem \u00e9 clara, sem atenua\u00e7\u00e3o, a edi\u00e7\u00e3o \u00e9 r\u00e1pida, e pode ser gravado atrav\u00e9s de uma unidade de DVD.<\/li>\n<li>Fornecer integrada de texto e imagem cir\u00fargico relat\u00f3rios com flexibilidade de formatos de relat\u00f3rio para escolher.<\/li>\n<li>Tem r\u00e1pida e reprodu\u00e7\u00e3o lenta e quadro \u00fanico de captura de fun\u00e7\u00f5es.<\/li>\n<\/ul>","protected":false},"excerpt":{"rendered":"<p>Features Real-time display and storage of surgical video images; features text editing functions such as search, review, and cutting, as well as letter and voice addition functions. Improve digital medical records by recording and storing basic patient information. Record surgical images and pictures and automatically categorize and save them for easy classification and statistics. Use [&hellip;]<\/p>","protected":false},"featured_media":255,"comment_status":"open","ping_status":"closed","template":"","meta":[],"product_brand":[],"product_cat":[28],"product_tag":[],"class_list":{"0":"post-254","1":"product","2":"type-product","3":"status-publish","4":"has-post-thumbnail","6":"product_cat-others-and-consumables","8":"first","9":"instock","10":"shipping-taxable","11":"product-type-simple"},"_links":{"self":[{"href":"https:\/\/zoomsurg.com\/pt\/wp-json\/wp\/v2\/product\/254","targetHints":{"allow":["GET"]}}],"collection":[{"href":"https:\/\/zoomsurg.com\/pt\/wp-json\/wp\/v2\/product"}],"about":[{"href":"https:\/\/zoomsurg.com\/pt\/wp-json\/wp\/v2\/types\/product"}],"replies":[{"embeddable":true,"href":"https:\/\/zoomsurg.com\/pt\/wp-json\/wp\/v2\/comments?post=254"}],"wp:featuredmedia":[{"embeddable":true,"href":"https:\/\/zoomsurg.com\/pt\/wp-json\/wp\/v2\/media\/255"}],"wp:attachment":[{"href":"https:\/\/zoomsurg.com\/pt\/wp-json\/wp\/v2\/media?parent=254"}],"wp:term":[{"taxonomy":"product_brand","embeddable":true,"href":"https:\/\/zoomsurg.com\/pt\/wp-json\/wp\/v2\/product_brand?post=254"},{"taxonomy":"product_cat","embeddable":true,"href":"https:\/\/zoomsurg.com\/pt\/wp-json\/wp\/v2\/product_cat?post=254"},{"taxonomy":"product_tag","embeddable":true,"href":"https:\/\/zoomsurg.com\/pt\/wp-json\/wp\/v2\/product_tag?post=254"}],"curies":[{"name":"wp","href":"https:\/\/api.w.org\/{rel}","templated":true}]}}