{"id":247,"date":"2025-08-28T03:15:34","date_gmt":"2025-08-28T03:15:34","guid":{"rendered":"https:\/\/yiliao.ui-project.com\/?post_type=product&#038;p=247"},"modified":"2025-08-29T09:15:32","modified_gmt":"2025-08-29T09:15:32","slug":"stereo-indirect-system","status":"publish","type":"product","link":"https:\/\/zoomsurg.com\/pt\/produto\/stereo-indirect-system\/","title":{"rendered":"Est\u00e9reo indiretos do sistema"},"content":{"rendered":"<p><strong>Caracter\u00edsticas:<\/strong><\/p>\n<ul>\n<li>Alta resolu\u00e7\u00e3o<\/li>\n<li>Grande, grande-angular, livre de distor\u00e7\u00f5es, cir\u00fargico campo de visualiza\u00e7\u00e3o<\/li>\n<li>Ajudando a tornar o segmento posterior cirurgia de melhor Ultra de alta resolu\u00e7\u00e3o<\/li>\n<\/ul>\n<p><strong>Adequado para:<\/strong> Oftalmologia<\/p>","protected":false},"excerpt":{"rendered":"<p>Features: High resolution Large wide-angle, distortion-free surgical viewing field Helping to make posterior segment surgery better Ultra high resolution Suitable for: Ophthalmology<\/p>","protected":false},"featured_media":249,"comment_status":"open","ping_status":"closed","template":"","meta":[],"product_brand":[],"product_cat":[28],"product_tag":[],"class_list":{"0":"post-247","1":"product","2":"type-product","3":"status-publish","4":"has-post-thumbnail","6":"product_cat-others-and-consumables","8":"first","9":"instock","10":"shipping-taxable","11":"product-type-simple"},"_links":{"self":[{"href":"https:\/\/zoomsurg.com\/pt\/wp-json\/wp\/v2\/product\/247","targetHints":{"allow":["GET"]}}],"collection":[{"href":"https:\/\/zoomsurg.com\/pt\/wp-json\/wp\/v2\/product"}],"about":[{"href":"https:\/\/zoomsurg.com\/pt\/wp-json\/wp\/v2\/types\/product"}],"replies":[{"embeddable":true,"href":"https:\/\/zoomsurg.com\/pt\/wp-json\/wp\/v2\/comments?post=247"}],"wp:featuredmedia":[{"embeddable":true,"href":"https:\/\/zoomsurg.com\/pt\/wp-json\/wp\/v2\/media\/249"}],"wp:attachment":[{"href":"https:\/\/zoomsurg.com\/pt\/wp-json\/wp\/v2\/media?parent=247"}],"wp:term":[{"taxonomy":"product_brand","embeddable":true,"href":"https:\/\/zoomsurg.com\/pt\/wp-json\/wp\/v2\/product_brand?post=247"},{"taxonomy":"product_cat","embeddable":true,"href":"https:\/\/zoomsurg.com\/pt\/wp-json\/wp\/v2\/product_cat?post=247"},{"taxonomy":"product_tag","embeddable":true,"href":"https:\/\/zoomsurg.com\/pt\/wp-json\/wp\/v2\/product_tag?post=247"}],"curies":[{"name":"wp","href":"https:\/\/api.w.org\/{rel}","templated":true}]}}