{"id":242,"date":"2025-08-28T03:13:59","date_gmt":"2025-08-28T03:13:59","guid":{"rendered":"https:\/\/yiliao.ui-project.com\/?post_type=product&#038;p=242"},"modified":"2025-08-29T09:17:12","modified_gmt":"2025-08-29T09:17:12","slug":"medical-examination-lamp-5100-40%ef%bc%8c5100-50","status":"publish","type":"product","link":"https:\/\/zoomsurg.com\/pt\/produto\/medical-examination-lamp-5100-40%ef%bc%8c5100-50\/","title":{"rendered":"Exame m\u00e9dico l\u00e2mpada 5100-40\uff0c5100-50"},"content":{"rendered":"<p><strong>Recursos<\/strong>\uff1a<\/p>\n<ul>\n<li>Galileu caminho de luz, design avan\u00e7ado de multi-camada de revestimento e complexo acrom\u00e1tico tecnologia, grande campo de vis\u00e3o, reduzir a fadiga ocular<\/li>\n<li>C\u00f4nicas princ\u00edpio da estrutura, f\u00e1cil aluno intersec\u00e7\u00e3o binocular campo de vis\u00e3o sempre se sobrepor a<\/li>\n<li>Auxiliar de farol de ilumina\u00e7\u00e3o, o posicionamento f\u00e1cil, com o eixo visual, coincidindo com o eixo \u00f3ptico para facilitar a profundidade de manipula\u00e7\u00e3o<\/li>\n<li>Coaxial de ajustamento de binocular amplia\u00e7\u00e3o centrado sobre o eixo \u00f3ptico, sincroniza\u00e7\u00e3o de lugar e campo de vis\u00e3o, opera\u00e7\u00e3o simples<\/li>\n<li>Multi-\u00e2ngulo, multi-direcional, adapt\u00e1veis a diferentes necessidades e diferentes m\u00e9dicos de uso\uff08MEL5100-50\uff09<\/li>\n<\/ul>\n<p><strong>Especifica\u00e7\u00e3o<\/strong><\/p>\n<table>\n<tbody>\n<tr>\n<td width=\"216\">Amplia\u00e7\u00e3o e Resolu\u00e7\u00e3o<\/td>\n<td width=\"352\">2,5 X<\/td>\n<\/tr>\n<tr>\n<td width=\"216\">di\u00e2metro do ponto<\/td>\n<td width=\"352\">1200mm@400mm,130mm@500mm<\/td>\n<\/tr>\n<tr>\n<td width=\"216\">Profundidade do campo<\/td>\n<td width=\"352\">200nn<\/td>\n<\/tr>\n<tr>\n<td width=\"216\">dist\u00e2ncia pupilar<\/td>\n<td width=\"352\">50mm-75mm<\/td>\n<\/tr>\n<tr>\n<td width=\"216\">m\u00e1xima ilumina\u00e7\u00e3o<\/td>\n<td width=\"352\">18000lux@200mm<\/td>\n<\/tr>\n<tr>\n<td width=\"216\">Ajuste do brilho<\/td>\n<td width=\"352\">4 n\u00edveis<\/td>\n<\/tr>\n<tr>\n<td width=\"216\">L\u00e2mpada di\u00e2metro da cabe\u00e7a<\/td>\n<td width=\"352\">18mm<\/td>\n<\/tr>\n<tr>\n<td width=\"216\">LED vida \u00fatil<\/td>\n<td width=\"352\">100000h<\/td>\n<\/tr>\n<tr>\n<td width=\"216\">Dura\u00e7\u00e3o<\/td>\n<td width=\"352\">menor brilho 24h,maior brightness6h<\/td>\n<\/tr>\n<tr>\n<td width=\"216\">temperatura da cor<\/td>\n<td width=\"352\">5700k-6500k<\/td>\n<\/tr>\n<tr>\n<td width=\"216\">Farol de ajuste de \u00e2ngulo<\/td>\n<td width=\"352\">de qualquer \u00e2ngulo<\/td>\n<\/tr>\n<tr>\n<td width=\"216\">Bateria<\/td>\n<td width=\"352\">Bateria recarreg\u00e1vel de pol\u00edmero de l\u00edtio, bateria de 2000mAh,DC3.7V,Remov\u00edvel<\/td>\n<\/tr>\n<\/tbody>\n<\/table>","protected":false},"excerpt":{"rendered":"<p>Features\uff1a Galilean light path design, advanced multi-layer coating and complex achromatic technology, large field of view, reduce eye fatigue Conical structure principle, easy pupil intersection, binocular field of view always overlap Auxiliary headlamp illumination\uff0c easy positioning, with the visual axis coinciding with the optical axis for easy depth manipulation Coaxial adjustment of binocular magnification centered [&hellip;]<\/p>","protected":false},"featured_media":243,"comment_status":"open","ping_status":"closed","template":"","meta":[],"product_brand":[],"product_cat":[27],"product_tag":[],"class_list":{"0":"post-242","1":"product","2":"type-product","3":"status-publish","4":"has-post-thumbnail","6":"product_cat-medical-examination-lamp","8":"first","9":"instock","10":"shipping-taxable","11":"product-type-simple"},"_links":{"self":[{"href":"https:\/\/zoomsurg.com\/pt\/wp-json\/wp\/v2\/product\/242","targetHints":{"allow":["GET"]}}],"collection":[{"href":"https:\/\/zoomsurg.com\/pt\/wp-json\/wp\/v2\/product"}],"about":[{"href":"https:\/\/zoomsurg.com\/pt\/wp-json\/wp\/v2\/types\/product"}],"replies":[{"embeddable":true,"href":"https:\/\/zoomsurg.com\/pt\/wp-json\/wp\/v2\/comments?post=242"}],"wp:featuredmedia":[{"embeddable":true,"href":"https:\/\/zoomsurg.com\/pt\/wp-json\/wp\/v2\/media\/243"}],"wp:attachment":[{"href":"https:\/\/zoomsurg.com\/pt\/wp-json\/wp\/v2\/media?parent=242"}],"wp:term":[{"taxonomy":"product_brand","embeddable":true,"href":"https:\/\/zoomsurg.com\/pt\/wp-json\/wp\/v2\/product_brand?post=242"},{"taxonomy":"product_cat","embeddable":true,"href":"https:\/\/zoomsurg.com\/pt\/wp-json\/wp\/v2\/product_cat?post=242"},{"taxonomy":"product_tag","embeddable":true,"href":"https:\/\/zoomsurg.com\/pt\/wp-json\/wp\/v2\/product_tag?post=242"}],"curies":[{"name":"wp","href":"https:\/\/api.w.org\/{rel}","templated":true}]}}