{"id":240,"date":"2025-08-28T03:11:56","date_gmt":"2025-08-28T03:11:56","guid":{"rendered":"https:\/\/yiliao.ui-project.com\/?post_type=product&#038;p=240"},"modified":"2025-08-29T09:17:25","modified_gmt":"2025-08-29T09:17:25","slug":"medical-examination-lamp-5100","status":"publish","type":"product","link":"https:\/\/zoomsurg.com\/pt\/produto\/medical-examination-lamp-5100\/","title":{"rendered":"Exame m\u00e9dico l\u00e2mpada 5100"},"content":{"rendered":"<p><strong>Recursos<\/strong>\uff1a<\/p>\n<ul>\n<li>Paralelo fonte de luz, clara e f\u00e1cil sobre os olhos<\/li>\n<li>ajust\u00e1vel para atender \u00e0s v\u00e1rias necessidades<\/li>\n<li>Sente-se quase sem peso quando usado<\/li>\n<li>Extra-longa vida \u00fatil da bateria<\/li>\n<\/ul>\n<p>&nbsp;<\/p>\n<p><strong>Especifica\u00e7\u00e3o<\/strong><\/p>\n<table>\n<tbody>\n<tr>\n<td width=\"207\"><\/td>\n<td width=\"125\">Ponto fixo<\/td>\n<td width=\"124\">De ponto ajust\u00e1vel de<\/td>\n<td width=\"112\">interruptor do sensor<\/td>\n<\/tr>\n<tr>\n<td width=\"207\">di\u00e2metro do ponto(dist\u00e2ncia de opera\u00e7\u00e3o abaixo de 400mm<\/td>\n<td width=\"125\">90mm<\/td>\n<td width=\"124\">5-90mm<\/td>\n<td width=\"112\">90mm<\/td>\n<\/tr>\n<tr>\n<td width=\"207\">m\u00e1ximo de ilumin\u00e2ncia(dist\u00e2ncia de opera\u00e7\u00e3o abaixo de 400mm)<\/p>\n<p>&nbsp;<\/td>\n<td width=\"125\">30000lux<\/td>\n<td width=\"124\">60000lux<\/td>\n<td width=\"112\">60000lux<\/td>\n<\/tr>\n<tr>\n<td width=\"207\">Ajuste do brilho<\/td>\n<td width=\"125\">4-engrenagem de ajuste<\/td>\n<td width=\"124\">4-engrenagem de ajuste<\/td>\n<td width=\"112\">4-engrenagem de ajuste<\/td>\n<\/tr>\n<tr>\n<td width=\"207\">N\u00edvel da bateria notifica\u00e7\u00e3o<\/td>\n<td width=\"125\">\u221a<\/td>\n<td width=\"124\">\u221a<\/td>\n<td width=\"112\">\u221a<\/td>\n<\/tr>\n<tr>\n<td width=\"207\">L\u00e2mpada di\u00e2metro da cabe\u00e7a<\/td>\n<td width=\"125\">18mm<\/td>\n<td width=\"124\">18mm<\/td>\n<td width=\"112\">18mm<\/td>\n<\/tr>\n<tr>\n<td width=\"207\">LED vida \u00fatil<\/td>\n<td width=\"125\">100000h<\/td>\n<td width=\"124\">100000h<\/td>\n<td width=\"112\">100000h<\/td>\n<\/tr>\n<tr>\n<td width=\"207\">Farol de ajuste de \u00e2ngulo<\/td>\n<td width=\"125\">de qualquer \u00e2ngulo<\/td>\n<td width=\"124\">de qualquer \u00e2ngulo<\/td>\n<td width=\"112\">de qualquer \u00e2ngulo<\/td>\n<\/tr>\n<tr>\n<td width=\"207\">Dura\u00e7\u00e3o (menor luminosidade)<\/td>\n<td width=\"125\">24h<\/td>\n<td width=\"124\">24h<\/td>\n<td width=\"112\">24h<\/td>\n<\/tr>\n<tr>\n<td width=\"207\">Dura\u00e7\u00e3o (maior brilho)<\/td>\n<td width=\"125\">5h<\/td>\n<td width=\"124\">5h<\/td>\n<td width=\"112\">5h<\/td>\n<\/tr>\n<tr>\n<td width=\"207\">temperatura da cor<\/td>\n<td width=\"125\">5700k-6500k<\/td>\n<td width=\"124\">5700k-6500k<\/td>\n<td width=\"112\">5700k-6500k<\/td>\n<\/tr>\n<tr>\n<td width=\"207\">Tipo Da Bateria<\/td>\n<td width=\"125\">Recarreg\u00e1vel De Pol\u00edmero De L\u00edtio<\/td>\n<td width=\"124\">Recarreg\u00e1vel De Pol\u00edmero De L\u00edtio<\/td>\n<td width=\"112\">Recarreg\u00e1vel De Pol\u00edmero De L\u00edtio<\/td>\n<\/tr>\n<tr>\n<td width=\"207\">capacidade da bateria<\/td>\n<td width=\"125\">2000mAh<\/td>\n<td width=\"124\">2000mAh<\/td>\n<td width=\"112\">2000mAh<\/td>\n<\/tr>\n<tr>\n<td width=\"207\">Peso<\/td>\n<td width=\"125\">130g<\/td>\n<td width=\"124\">150g<\/td>\n<td width=\"112\">130g<\/td>\n<\/tr>\n<\/tbody>\n<\/table>","protected":false},"excerpt":{"rendered":"<p>Features\uff1a Parallel light source, clear and easy on the eyes adjustable to meet various needs Feels almost weightless when worn Extra-long battery life &nbsp; Specification Fixed spot Adjustable spot sensor switch spot diameter(operating distance below 400mm 90mm 5-90mm 90mm maximum illuminance(operating distance below 400mm) &nbsp; 30000lux 60000lux 60000lux Brightness adjustment 4-gear adjustment 4-gear adjustment 4-gear [&hellip;]<\/p>","protected":false},"featured_media":241,"comment_status":"open","ping_status":"closed","template":"","meta":[],"product_brand":[],"product_cat":[27],"product_tag":[],"class_list":{"0":"post-240","1":"product","2":"type-product","3":"status-publish","4":"has-post-thumbnail","6":"product_cat-medical-examination-lamp","8":"first","9":"instock","10":"shipping-taxable","11":"product-type-simple"},"_links":{"self":[{"href":"https:\/\/zoomsurg.com\/pt\/wp-json\/wp\/v2\/product\/240","targetHints":{"allow":["GET"]}}],"collection":[{"href":"https:\/\/zoomsurg.com\/pt\/wp-json\/wp\/v2\/product"}],"about":[{"href":"https:\/\/zoomsurg.com\/pt\/wp-json\/wp\/v2\/types\/product"}],"replies":[{"embeddable":true,"href":"https:\/\/zoomsurg.com\/pt\/wp-json\/wp\/v2\/comments?post=240"}],"wp:featuredmedia":[{"embeddable":true,"href":"https:\/\/zoomsurg.com\/pt\/wp-json\/wp\/v2\/media\/241"}],"wp:attachment":[{"href":"https:\/\/zoomsurg.com\/pt\/wp-json\/wp\/v2\/media?parent=240"}],"wp:term":[{"taxonomy":"product_brand","embeddable":true,"href":"https:\/\/zoomsurg.com\/pt\/wp-json\/wp\/v2\/product_brand?post=240"},{"taxonomy":"product_cat","embeddable":true,"href":"https:\/\/zoomsurg.com\/pt\/wp-json\/wp\/v2\/product_cat?post=240"},{"taxonomy":"product_tag","embeddable":true,"href":"https:\/\/zoomsurg.com\/pt\/wp-json\/wp\/v2\/product_tag?post=240"}],"curies":[{"name":"wp","href":"https:\/\/api.w.org\/{rel}","templated":true}]}}