{"id":236,"date":"2025-08-28T03:06:35","date_gmt":"2025-08-28T03:06:35","guid":{"rendered":"https:\/\/yiliao.ui-project.com\/?post_type=product&#038;p=236"},"modified":"2025-08-29T09:11:07","modified_gmt":"2025-08-29T09:11:07","slug":"bl-2","status":"publish","type":"product","link":"https:\/\/zoomsurg.com\/pt\/produto\/bl-2\/","title":{"rendered":"Lupa Binocular BL-2"},"content":{"rendered":"<p><strong>Caracter\u00edsticas:<\/strong><\/p>\n<ul>\n<li>Galileu design \u00f3ptico<\/li>\n<li>Apocrom\u00e1tico processo<\/li>\n<li>Alta transmiss\u00e3o de luz de revestimento de precis\u00e3o<\/li>\n<li>Constru\u00eddo-em lentes corretivas<\/li>\n<li>Personalizado<\/li>\n<\/ul>\n<p>&nbsp;<\/p>\n<p><strong>Especifica\u00e7\u00f5es t\u00e9cnicas<\/strong><\/p>\n<table>\n<tbody>\n<tr>\n<td width=\"284\">r\u00e1cio de amplia\u00e7\u00e3o<\/td>\n<td width=\"284\">2.3,2.5,3,3.5,4,5,6<\/td>\n<\/tr>\n<tr>\n<td width=\"284\">dist\u00e2ncia de funcionamento<\/td>\n<td width=\"284\">300-600mm(Personaliz\u00e1vel)<\/td>\n<\/tr>\n<tr>\n<td width=\"284\">Material do quadro<\/td>\n<td width=\"284\">Tit\u00e2nio<\/td>\n<\/tr>\n<tr>\n<td width=\"284\">campo de vis\u00e3o<\/td>\n<td width=\"284\">65-90mm,65-120mm<\/td>\n<\/tr>\n<\/tbody>\n<\/table>","protected":false},"excerpt":{"rendered":"<p>Features\uff1a Galilean optical design Apochromatic process High light transmission precision coating Built-in corrective lenses Customized &nbsp; Technical specifications magnification ratio 2.3,2.5,3,3.5,4,5,6 operating distance 300-600mm(Customizable) Frame material Titanium field of view 65-90mm,65-120mm<\/p>","protected":false},"featured_media":237,"comment_status":"open","ping_status":"closed","template":"","meta":[],"product_brand":[],"product_cat":[26],"product_tag":[],"class_list":{"0":"post-236","1":"product","2":"type-product","3":"status-publish","4":"has-post-thumbnail","6":"product_cat-binocular-magnifier","8":"first","9":"instock","10":"shipping-taxable","11":"product-type-simple"},"_links":{"self":[{"href":"https:\/\/zoomsurg.com\/pt\/wp-json\/wp\/v2\/product\/236","targetHints":{"allow":["GET"]}}],"collection":[{"href":"https:\/\/zoomsurg.com\/pt\/wp-json\/wp\/v2\/product"}],"about":[{"href":"https:\/\/zoomsurg.com\/pt\/wp-json\/wp\/v2\/types\/product"}],"replies":[{"embeddable":true,"href":"https:\/\/zoomsurg.com\/pt\/wp-json\/wp\/v2\/comments?post=236"}],"wp:featuredmedia":[{"embeddable":true,"href":"https:\/\/zoomsurg.com\/pt\/wp-json\/wp\/v2\/media\/237"}],"wp:attachment":[{"href":"https:\/\/zoomsurg.com\/pt\/wp-json\/wp\/v2\/media?parent=236"}],"wp:term":[{"taxonomy":"product_brand","embeddable":true,"href":"https:\/\/zoomsurg.com\/pt\/wp-json\/wp\/v2\/product_brand?post=236"},{"taxonomy":"product_cat","embeddable":true,"href":"https:\/\/zoomsurg.com\/pt\/wp-json\/wp\/v2\/product_cat?post=236"},{"taxonomy":"product_tag","embeddable":true,"href":"https:\/\/zoomsurg.com\/pt\/wp-json\/wp\/v2\/product_tag?post=236"}],"curies":[{"name":"wp","href":"https:\/\/api.w.org\/{rel}","templated":true}]}}