{"id":220,"date":"2025-08-28T02:55:46","date_gmt":"2025-08-28T02:55:46","guid":{"rendered":"https:\/\/yiliao.ui-project.com\/?post_type=product&#038;p=220"},"modified":"2025-08-29T09:19:26","modified_gmt":"2025-08-29T09:19:26","slug":"zsm3000l","status":"publish","type":"product","link":"https:\/\/zoomsurg.com\/pt\/produto\/zsm3000l\/","title":{"rendered":"ZSM3000L"},"content":{"rendered":"<p><strong>Recursos<\/strong>\uff1a<\/p>\n<ul>\n<li>Apocrom\u00e1tico sistema \u00f3ptico<\/li>\n<li>Alta de restaura\u00e7\u00e3o de cores e contraste claro<\/li>\n<li>Excelente profundidade de campo<\/li>\n<li>Ultra de alta resolu\u00e7\u00e3o<\/li>\n<li>est\u00e9reo coaxial assistente do microsc\u00f3pio<\/li>\n<li>Reflexo Vermelho Dispositivo<\/li>\n<li>A toda a volta da v\u00e1lvula eletromagn\u00e9tica de controle de um bra\u00e7o rob\u00f3tico<\/li>\n<\/ul>\n<p><strong>Adequado<\/strong> <strong>para<\/strong>: Oftalmologia<\/p>","protected":false},"excerpt":{"rendered":"<p>Features\uff1a Apochromatic optical system High color restoration and clear contrast Excellent depth of field Ultra high resolution stereo coaxial assistant microscope Red Reflex Device All-round electromagnetic valve control robotic arm Suitable for: Ophthalmology<\/p>","protected":false},"featured_media":223,"comment_status":"open","ping_status":"closed","template":"","meta":[],"product_brand":[],"product_cat":[24],"product_tag":[],"class_list":{"0":"post-220","1":"product","2":"type-product","3":"status-publish","4":"has-post-thumbnail","6":"product_cat-ophthalmic-microscope","8":"first","9":"instock","10":"shipping-taxable","11":"product-type-simple"},"_links":{"self":[{"href":"https:\/\/zoomsurg.com\/pt\/wp-json\/wp\/v2\/product\/220","targetHints":{"allow":["GET"]}}],"collection":[{"href":"https:\/\/zoomsurg.com\/pt\/wp-json\/wp\/v2\/product"}],"about":[{"href":"https:\/\/zoomsurg.com\/pt\/wp-json\/wp\/v2\/types\/product"}],"replies":[{"embeddable":true,"href":"https:\/\/zoomsurg.com\/pt\/wp-json\/wp\/v2\/comments?post=220"}],"wp:featuredmedia":[{"embeddable":true,"href":"https:\/\/zoomsurg.com\/pt\/wp-json\/wp\/v2\/media\/223"}],"wp:attachment":[{"href":"https:\/\/zoomsurg.com\/pt\/wp-json\/wp\/v2\/media?parent=220"}],"wp:term":[{"taxonomy":"product_brand","embeddable":true,"href":"https:\/\/zoomsurg.com\/pt\/wp-json\/wp\/v2\/product_brand?post=220"},{"taxonomy":"product_cat","embeddable":true,"href":"https:\/\/zoomsurg.com\/pt\/wp-json\/wp\/v2\/product_cat?post=220"},{"taxonomy":"product_tag","embeddable":true,"href":"https:\/\/zoomsurg.com\/pt\/wp-json\/wp\/v2\/product_tag?post=220"}],"curies":[{"name":"wp","href":"https:\/\/api.w.org\/{rel}","templated":true}]}}