{"id":254,"date":"2025-08-28T03:20:13","date_gmt":"2025-08-28T03:20:13","guid":{"rendered":"https:\/\/yiliao.ui-project.com\/?post_type=product&#038;p=254"},"modified":"2025-08-29T09:12:32","modified_gmt":"2025-08-29T09:12:32","slug":"hd-image-workstation","status":"publish","type":"product","link":"https:\/\/zoomsurg.com\/it\/prodotto\/hd-image-workstation\/","title":{"rendered":"HD Immagine Workstation"},"content":{"rendered":"<p><strong>Caratteristiche<\/strong><\/p>\n<ul>\n<li>Visualizzazione in tempo reale e memorizzazione di video chirurgico immagini; dispone di funzioni di modifica del testo come la ricerca, la revisione e taglio, come pure la lettera e la voce oltre le funzioni.<\/li>\n<li>Migliorare mediche digitali record per la registrazione e la memorizzazione di base le informazioni del paziente.<\/li>\n<li>Record chirurgico, le immagini e le foto e automaticamente classificare e salvarli per una facile classificazione e statistiche. Utilizzare una variet\u00e0 di metodi di query, il recupero e la stampa cartelle cliniche e i dati di immagine.<\/li>\n<li>Attrezzata con full HD chirurgica dell'immagine senza perdita di dati il software di editing delle immagini \u00e8 chiaro, senza attenuazione, il montaggio \u00e8 veloce, e pu\u00f2 essere bruciato per via di un'unit\u00e0 DVD.<\/li>\n<li>Inoltre, l'integrazione di testo e immagine chirurgico di report con report flessibili formati tra cui scegliere.<\/li>\n<li>\u00c8 veloce e lento e riproduzione singolo fotogramma funzioni di cattura.<\/li>\n<\/ul>","protected":false},"excerpt":{"rendered":"<p>Features Real-time display and storage of surgical video images; features text editing functions such as search, review, and cutting, as well as letter and voice addition functions. Improve digital medical records by recording and storing basic patient information. Record surgical images and pictures and automatically categorize and save them for easy classification and statistics. Use [&hellip;]<\/p>","protected":false},"featured_media":255,"comment_status":"open","ping_status":"closed","template":"","meta":[],"product_brand":[],"product_cat":[28],"product_tag":[],"class_list":{"0":"post-254","1":"product","2":"type-product","3":"status-publish","4":"has-post-thumbnail","6":"product_cat-others-and-consumables","8":"first","9":"instock","10":"shipping-taxable","11":"product-type-simple"},"_links":{"self":[{"href":"https:\/\/zoomsurg.com\/it\/wp-json\/wp\/v2\/product\/254","targetHints":{"allow":["GET"]}}],"collection":[{"href":"https:\/\/zoomsurg.com\/it\/wp-json\/wp\/v2\/product"}],"about":[{"href":"https:\/\/zoomsurg.com\/it\/wp-json\/wp\/v2\/types\/product"}],"replies":[{"embeddable":true,"href":"https:\/\/zoomsurg.com\/it\/wp-json\/wp\/v2\/comments?post=254"}],"wp:featuredmedia":[{"embeddable":true,"href":"https:\/\/zoomsurg.com\/it\/wp-json\/wp\/v2\/media\/255"}],"wp:attachment":[{"href":"https:\/\/zoomsurg.com\/it\/wp-json\/wp\/v2\/media?parent=254"}],"wp:term":[{"taxonomy":"product_brand","embeddable":true,"href":"https:\/\/zoomsurg.com\/it\/wp-json\/wp\/v2\/product_brand?post=254"},{"taxonomy":"product_cat","embeddable":true,"href":"https:\/\/zoomsurg.com\/it\/wp-json\/wp\/v2\/product_cat?post=254"},{"taxonomy":"product_tag","embeddable":true,"href":"https:\/\/zoomsurg.com\/it\/wp-json\/wp\/v2\/product_tag?post=254"}],"curies":[{"name":"wp","href":"https:\/\/api.w.org\/{rel}","templated":true}]}}