{"id":242,"date":"2025-08-28T03:13:59","date_gmt":"2025-08-28T03:13:59","guid":{"rendered":"https:\/\/yiliao.ui-project.com\/?post_type=product&#038;p=242"},"modified":"2025-08-29T09:17:12","modified_gmt":"2025-08-29T09:17:12","slug":"medical-examination-lamp-5100-40%ef%bc%8c5100-50","status":"publish","type":"product","link":"https:\/\/zoomsurg.com\/it\/prodotto\/medical-examination-lamp-5100-40%ef%bc%8c5100-50\/","title":{"rendered":"Esame medico lampada 5100-40\uff0c5100-50"},"content":{"rendered":"<p><strong>Caratteristiche<\/strong>\uff1a<\/p>\n<ul>\n<li>Galileo luce il percorso di progettazione, avanzato multi-strato di rivestimento e complesso acromatico tecnologia, grande campo di vista, ridurre l'affaticamento degli occhi<\/li>\n<li>Struttura conica linea di principio, facile allievo di intersezione, binoculare campo di vista sempre si sovrappongono<\/li>\n<li>Ausiliario, fari di illuminazione, per il facile posizionamento con il visual asse coincidente con l'asse ottico per la profondit\u00e0 di manipolazione<\/li>\n<li>Coassiale regolazione del binocolo ingrandimento stata centrata sull'asse ottico, la sincronizzazione di spot e campo di vista, funzionamento semplice<\/li>\n<li>Multi-angolo, multi-direzionale, adattabili alle diverse esigenze e diversi medici\u2019 utilizzo\uff08MEL5100-50\uff09<\/li>\n<\/ul>\n<p><strong>Specifica<\/strong><\/p>\n<table>\n<tbody>\n<tr>\n<td width=\"216\">Ingrandimento e Risoluzione<\/td>\n<td width=\"352\">2.5 X<\/td>\n<\/tr>\n<tr>\n<td width=\"216\">diametro del punto di<\/td>\n<td width=\"352\">1200mm@400mm,130mm@500mm<\/td>\n<\/tr>\n<tr>\n<td width=\"216\">La profondit\u00e0 di campo<\/td>\n<td width=\"352\">200nn<\/td>\n<\/tr>\n<tr>\n<td width=\"216\">distanza pupillare<\/td>\n<td width=\"352\">50mm-75mm<\/td>\n<\/tr>\n<tr>\n<td width=\"216\">massimo illuminamento<\/td>\n<td width=\"352\">18000lux@200mm<\/td>\n<\/tr>\n<tr>\n<td width=\"216\">Regolazione della luminosit\u00e0<\/td>\n<td width=\"352\">4 livelli<\/td>\n<\/tr>\n<tr>\n<td width=\"216\">Lampada diametro della testa<\/td>\n<td width=\"352\">18mm<\/td>\n<\/tr>\n<tr>\n<td width=\"216\">Durata della vita del LED<\/td>\n<td width=\"352\">100000h<\/td>\n<\/tr>\n<tr>\n<td width=\"216\">Durata<\/td>\n<td width=\"352\">luminosit\u00e0 pi\u00f9 bassa 24h,pi\u00f9 alto brightness6h<\/td>\n<\/tr>\n<tr>\n<td width=\"216\">temperatura di colore<\/td>\n<td width=\"352\">5700k-6500k<\/td>\n<\/tr>\n<tr>\n<td width=\"216\">Regolazione fari angolo<\/td>\n<td width=\"352\">qualsiasi angolazione<\/td>\n<\/tr>\n<tr>\n<td width=\"216\">Batteria<\/td>\n<td width=\"352\">Ricaricabile ai polimeri di litio batteria da 2000mAh,DC3.7V,Rimovibile<\/td>\n<\/tr>\n<\/tbody>\n<\/table>","protected":false},"excerpt":{"rendered":"<p>Features\uff1a Galilean light path design, advanced multi-layer coating and complex achromatic technology, large field of view, reduce eye fatigue Conical structure principle, easy pupil intersection, binocular field of view always overlap Auxiliary headlamp illumination\uff0c easy positioning, with the visual axis coinciding with the optical axis for easy depth manipulation Coaxial adjustment of binocular magnification centered [&hellip;]<\/p>","protected":false},"featured_media":243,"comment_status":"open","ping_status":"closed","template":"","meta":[],"product_brand":[],"product_cat":[27],"product_tag":[],"class_list":{"0":"post-242","1":"product","2":"type-product","3":"status-publish","4":"has-post-thumbnail","6":"product_cat-medical-examination-lamp","8":"first","9":"instock","10":"shipping-taxable","11":"product-type-simple"},"_links":{"self":[{"href":"https:\/\/zoomsurg.com\/it\/wp-json\/wp\/v2\/product\/242","targetHints":{"allow":["GET"]}}],"collection":[{"href":"https:\/\/zoomsurg.com\/it\/wp-json\/wp\/v2\/product"}],"about":[{"href":"https:\/\/zoomsurg.com\/it\/wp-json\/wp\/v2\/types\/product"}],"replies":[{"embeddable":true,"href":"https:\/\/zoomsurg.com\/it\/wp-json\/wp\/v2\/comments?post=242"}],"wp:featuredmedia":[{"embeddable":true,"href":"https:\/\/zoomsurg.com\/it\/wp-json\/wp\/v2\/media\/243"}],"wp:attachment":[{"href":"https:\/\/zoomsurg.com\/it\/wp-json\/wp\/v2\/media?parent=242"}],"wp:term":[{"taxonomy":"product_brand","embeddable":true,"href":"https:\/\/zoomsurg.com\/it\/wp-json\/wp\/v2\/product_brand?post=242"},{"taxonomy":"product_cat","embeddable":true,"href":"https:\/\/zoomsurg.com\/it\/wp-json\/wp\/v2\/product_cat?post=242"},{"taxonomy":"product_tag","embeddable":true,"href":"https:\/\/zoomsurg.com\/it\/wp-json\/wp\/v2\/product_tag?post=242"}],"curies":[{"name":"wp","href":"https:\/\/api.w.org\/{rel}","templated":true}]}}