{"id":254,"date":"2025-08-28T03:20:13","date_gmt":"2025-08-28T03:20:13","guid":{"rendered":"https:\/\/yiliao.ui-project.com\/?post_type=product&#038;p=254"},"modified":"2025-08-29T09:12:32","modified_gmt":"2025-08-29T09:12:32","slug":"hd-image-workstation","status":"publish","type":"product","link":"https:\/\/zoomsurg.com\/fr\/produit\/hd-image-workstation\/","title":{"rendered":"HD Image de poste de travail"},"content":{"rendered":"<p><strong>Caract\u00e9ristiques<\/strong><\/p>\n<ul>\n<li>Affichage en temps r\u00e9el et le stockage de la chirurgie des images vid\u00e9o; texte dispose des fonctions d'\u00e9dition telles que la recherche, l'examen, et de la coupe, ainsi que la lettre et la voix plus de fonctions.<\/li>\n<li>Am\u00e9liorer num\u00e9rique dossiers m\u00e9dicaux par l'enregistrement et le stockage de base de l'information des patients.<\/li>\n<li>Enregistrement chirurgicale des images et des photos automatiquement et de les cat\u00e9goriser et de les enregistrer pour faciliter le classement et les statistiques. Utiliser une vari\u00e9t\u00e9 de m\u00e9thodes de requ\u00eate, de r\u00e9cup\u00e9rer et d'imprimer des dossiers m\u00e9dicaux et des donn\u00e9es d'image.<\/li>\n<li>\u00c9quip\u00e9 full HD chirurgicale de l'image sans perte de logiciel de montage, la retouche d'image est claire, sans att\u00e9nuation, le montage est rapide, et peut \u00eatre br\u00fbl\u00e9 par l'interm\u00e9diaire d'un lecteur de DVD.<\/li>\n<li>Fournir de l'int\u00e9gration du texte et de l'image chirurgicale rapports avec rapports flexible formats au choix.<\/li>\n<li>Il est rapide et lente de la lecture et du cadre unique des fonctions de capture.<\/li>\n<\/ul>","protected":false},"excerpt":{"rendered":"<p>Features Real-time display and storage of surgical video images; features text editing functions such as search, review, and cutting, as well as letter and voice addition functions. Improve digital medical records by recording and storing basic patient information. Record surgical images and pictures and automatically categorize and save them for easy classification and statistics. Use [&hellip;]<\/p>","protected":false},"featured_media":255,"comment_status":"open","ping_status":"closed","template":"","meta":[],"product_brand":[],"product_cat":[28],"product_tag":[],"class_list":{"0":"post-254","1":"product","2":"type-product","3":"status-publish","4":"has-post-thumbnail","6":"product_cat-others-and-consumables","8":"first","9":"instock","10":"shipping-taxable","11":"product-type-simple"},"_links":{"self":[{"href":"https:\/\/zoomsurg.com\/fr\/wp-json\/wp\/v2\/product\/254","targetHints":{"allow":["GET"]}}],"collection":[{"href":"https:\/\/zoomsurg.com\/fr\/wp-json\/wp\/v2\/product"}],"about":[{"href":"https:\/\/zoomsurg.com\/fr\/wp-json\/wp\/v2\/types\/product"}],"replies":[{"embeddable":true,"href":"https:\/\/zoomsurg.com\/fr\/wp-json\/wp\/v2\/comments?post=254"}],"wp:featuredmedia":[{"embeddable":true,"href":"https:\/\/zoomsurg.com\/fr\/wp-json\/wp\/v2\/media\/255"}],"wp:attachment":[{"href":"https:\/\/zoomsurg.com\/fr\/wp-json\/wp\/v2\/media?parent=254"}],"wp:term":[{"taxonomy":"product_brand","embeddable":true,"href":"https:\/\/zoomsurg.com\/fr\/wp-json\/wp\/v2\/product_brand?post=254"},{"taxonomy":"product_cat","embeddable":true,"href":"https:\/\/zoomsurg.com\/fr\/wp-json\/wp\/v2\/product_cat?post=254"},{"taxonomy":"product_tag","embeddable":true,"href":"https:\/\/zoomsurg.com\/fr\/wp-json\/wp\/v2\/product_tag?post=254"}],"curies":[{"name":"wp","href":"https:\/\/api.w.org\/{rel}","templated":true}]}}