{"id":242,"date":"2025-08-28T03:13:59","date_gmt":"2025-08-28T03:13:59","guid":{"rendered":"https:\/\/yiliao.ui-project.com\/?post_type=product&#038;p=242"},"modified":"2025-08-29T09:17:12","modified_gmt":"2025-08-29T09:17:12","slug":"medical-examination-lamp-5100-40%ef%bc%8c5100-50","status":"publish","type":"product","link":"https:\/\/zoomsurg.com\/fr\/produit\/medical-examination-lamp-5100-40%ef%bc%8c5100-50\/","title":{"rendered":"L'examen m\u00e9dical de la lampe 5100-40\uff0c5100-50"},"content":{"rendered":"<p><strong>Caract\u00e9ristiques<\/strong>\uff1a<\/p>\n<ul>\n<li>Galil\u00e9e trajet de la lumi\u00e8re de la conception, technologie multi-couche de rev\u00eatement et complexe achromatique de la technologie, un grand champ de vue, de r\u00e9duire la fatigue oculaire<\/li>\n<li>Structure conique principe, facile \u00e9l\u00e8ve intersection, champ de vision binoculaire se chevauchent toujours<\/li>\n<li>Auxiliaire de phare \u00e9clairage\uff0c facile de positionnement, avec le visuel de l'axe co\u00efncidant avec l'axe optique pour faciliter la manipulation de la profondeur<\/li>\n<li>Coaxial de r\u00e9glage de binoculaire grossissement centr\u00e9 sur l'axe optique, la synchronisation de la tache et le champ de vision, op\u00e9ration simple<\/li>\n<li>Multi-angle, multi-directionnel, adaptable aux diff\u00e9rents besoins et diff\u00e9rents m\u00e9decins de l'utilisation\uff08MEL5100-50\uff09<\/li>\n<\/ul>\n<p><strong>Sp\u00e9cification<\/strong><\/p>\n<table>\n<tbody>\n<tr>\n<td width=\"216\">Agrandissement et \u00e0 la R\u00e9solution<\/td>\n<td width=\"352\">2,5 X<\/td>\n<\/tr>\n<tr>\n<td width=\"216\">diam\u00e8tre du spot<\/td>\n<td width=\"352\">1200mm@400mm,130mm@500mm<\/td>\n<\/tr>\n<tr>\n<td width=\"216\">La profondeur de champ<\/td>\n<td width=\"352\">200nn<\/td>\n<\/tr>\n<tr>\n<td width=\"216\">distance pupillaire<\/td>\n<td width=\"352\">50mm-75mm<\/td>\n<\/tr>\n<tr>\n<td width=\"216\">maximum d'\u00e9clairement<\/td>\n<td width=\"352\">18000lux@200mm<\/td>\n<\/tr>\n<tr>\n<td width=\"216\">R\u00e9glage de la luminosit\u00e9<\/td>\n<td width=\"352\">4 niveaux<\/td>\n<\/tr>\n<tr>\n<td width=\"216\">Diam\u00e8tre de la t\u00eate de lampe<\/td>\n<td width=\"352\">18mm<\/td>\n<\/tr>\n<tr>\n<td width=\"216\">Dur\u00e9e de vie de LED<\/td>\n<td width=\"352\">100000h<\/td>\n<\/tr>\n<tr>\n<td width=\"216\">Dur\u00e9e<\/td>\n<td width=\"352\">la plus faible luminosit\u00e9 24h,plus brightness6h<\/td>\n<\/tr>\n<tr>\n<td width=\"216\">temp\u00e9rature de couleur<\/td>\n<td width=\"352\">5700k-6500k<\/td>\n<\/tr>\n<tr>\n<td width=\"216\">R\u00e9glage des phares angle<\/td>\n<td width=\"352\">n'importe quel angle<\/td>\n<\/tr>\n<tr>\n<td width=\"216\">Batterie<\/td>\n<td width=\"352\">Batterie Rechargeable de polym\u00e8re de lithium de la batterie 2000mAh,DC3.7V,Amovible<\/td>\n<\/tr>\n<\/tbody>\n<\/table>","protected":false},"excerpt":{"rendered":"<p>Features\uff1a Galilean light path design, advanced multi-layer coating and complex achromatic technology, large field of view, reduce eye fatigue Conical structure principle, easy pupil intersection, binocular field of view always overlap Auxiliary headlamp illumination\uff0c easy positioning, with the visual axis coinciding with the optical axis for easy depth manipulation Coaxial adjustment of binocular magnification centered [&hellip;]<\/p>","protected":false},"featured_media":243,"comment_status":"open","ping_status":"closed","template":"","meta":[],"product_brand":[],"product_cat":[27],"product_tag":[],"class_list":{"0":"post-242","1":"product","2":"type-product","3":"status-publish","4":"has-post-thumbnail","6":"product_cat-medical-examination-lamp","8":"first","9":"instock","10":"shipping-taxable","11":"product-type-simple"},"_links":{"self":[{"href":"https:\/\/zoomsurg.com\/fr\/wp-json\/wp\/v2\/product\/242","targetHints":{"allow":["GET"]}}],"collection":[{"href":"https:\/\/zoomsurg.com\/fr\/wp-json\/wp\/v2\/product"}],"about":[{"href":"https:\/\/zoomsurg.com\/fr\/wp-json\/wp\/v2\/types\/product"}],"replies":[{"embeddable":true,"href":"https:\/\/zoomsurg.com\/fr\/wp-json\/wp\/v2\/comments?post=242"}],"wp:featuredmedia":[{"embeddable":true,"href":"https:\/\/zoomsurg.com\/fr\/wp-json\/wp\/v2\/media\/243"}],"wp:attachment":[{"href":"https:\/\/zoomsurg.com\/fr\/wp-json\/wp\/v2\/media?parent=242"}],"wp:term":[{"taxonomy":"product_brand","embeddable":true,"href":"https:\/\/zoomsurg.com\/fr\/wp-json\/wp\/v2\/product_brand?post=242"},{"taxonomy":"product_cat","embeddable":true,"href":"https:\/\/zoomsurg.com\/fr\/wp-json\/wp\/v2\/product_cat?post=242"},{"taxonomy":"product_tag","embeddable":true,"href":"https:\/\/zoomsurg.com\/fr\/wp-json\/wp\/v2\/product_tag?post=242"}],"curies":[{"name":"wp","href":"https:\/\/api.w.org\/{rel}","templated":true}]}}