{"id":240,"date":"2025-08-28T03:11:56","date_gmt":"2025-08-28T03:11:56","guid":{"rendered":"https:\/\/yiliao.ui-project.com\/?post_type=product&#038;p=240"},"modified":"2025-08-29T09:17:25","modified_gmt":"2025-08-29T09:17:25","slug":"medical-examination-lamp-5100","status":"publish","type":"product","link":"https:\/\/zoomsurg.com\/fr\/produit\/medical-examination-lamp-5100\/","title":{"rendered":"L'examen m\u00e9dical de la lampe 5100"},"content":{"rendered":"<p><strong>Caract\u00e9ristiques<\/strong>\uff1a<\/p>\n<ul>\n<li>En parall\u00e8le de la source de lumi\u00e8re, clair et facile sur les yeux<\/li>\n<li>r\u00e9glable pour r\u00e9pondre \u00e0 diff\u00e9rents besoins<\/li>\n<li>Se sent presque en apesanteur, lorsqu'il est port\u00e9<\/li>\n<li>Extra-longue de vie de la batterie<\/li>\n<\/ul>\n<p>&nbsp;<\/p>\n<p><strong>Sp\u00e9cification<\/strong><\/p>\n<table>\n<tbody>\n<tr>\n<td width=\"207\"><\/td>\n<td width=\"125\">De point fixe<\/td>\n<td width=\"124\">R\u00e9glable spot<\/td>\n<td width=\"112\">commutateur de capteur<\/td>\n<\/tr>\n<tr>\n<td width=\"207\">diam\u00e8tre du spot(distance de fonctionnement en dessous de 400 mm<\/td>\n<td width=\"125\">90mm<\/td>\n<td width=\"124\">5-90mm<\/td>\n<td width=\"112\">90mm<\/td>\n<\/tr>\n<tr>\n<td width=\"207\">maximum d'\u00e9clairement(distance de fonctionnement en dessous de 400 mm)<\/p>\n<p>&nbsp;<\/td>\n<td width=\"125\">30000lux<\/td>\n<td width=\"124\">60000lux<\/td>\n<td width=\"112\">60000lux<\/td>\n<\/tr>\n<tr>\n<td width=\"207\">R\u00e9glage de la luminosit\u00e9<\/td>\n<td width=\"125\">4-\u00e9quipement de r\u00e9glage<\/td>\n<td width=\"124\">4-\u00e9quipement de r\u00e9glage<\/td>\n<td width=\"112\">4-\u00e9quipement de r\u00e9glage<\/td>\n<\/tr>\n<tr>\n<td width=\"207\">Le niveau de la batterie de notification<\/td>\n<td width=\"125\">\u221a<\/td>\n<td width=\"124\">\u221a<\/td>\n<td width=\"112\">\u221a<\/td>\n<\/tr>\n<tr>\n<td width=\"207\">Diam\u00e8tre de la t\u00eate de lampe<\/td>\n<td width=\"125\">18mm<\/td>\n<td width=\"124\">18mm<\/td>\n<td width=\"112\">18mm<\/td>\n<\/tr>\n<tr>\n<td width=\"207\">Dur\u00e9e de vie de LED<\/td>\n<td width=\"125\">100000h<\/td>\n<td width=\"124\">100000h<\/td>\n<td width=\"112\">100000h<\/td>\n<\/tr>\n<tr>\n<td width=\"207\">R\u00e9glage des phares angle<\/td>\n<td width=\"125\">n'importe quel angle<\/td>\n<td width=\"124\">n'importe quel angle<\/td>\n<td width=\"112\">n'importe quel angle<\/td>\n<\/tr>\n<tr>\n<td width=\"207\">Dur\u00e9e (faible luminosit\u00e9)<\/td>\n<td width=\"125\">24h<\/td>\n<td width=\"124\">24h<\/td>\n<td width=\"112\">24h<\/td>\n<\/tr>\n<tr>\n<td width=\"207\">Dur\u00e9e (plus de luminosit\u00e9)<\/td>\n<td width=\"125\">5h<\/td>\n<td width=\"124\">5h<\/td>\n<td width=\"112\">5h<\/td>\n<\/tr>\n<tr>\n<td width=\"207\">temp\u00e9rature de couleur<\/td>\n<td width=\"125\">5700k-6500k<\/td>\n<td width=\"124\">5700k-6500k<\/td>\n<td width=\"112\">5700k-6500k<\/td>\n<\/tr>\n<tr>\n<td width=\"207\">Type De Batterie<\/td>\n<td width=\"125\">Batterie Rechargeable Lithium Polym\u00e8re<\/td>\n<td width=\"124\">Batterie Rechargeable Lithium Polym\u00e8re<\/td>\n<td width=\"112\">Batterie Rechargeable Lithium Polym\u00e8re<\/td>\n<\/tr>\n<tr>\n<td width=\"207\">la capacit\u00e9 de la batterie<\/td>\n<td width=\"125\">2000mAh<\/td>\n<td width=\"124\">2000mAh<\/td>\n<td width=\"112\">2000mAh<\/td>\n<\/tr>\n<tr>\n<td width=\"207\">Poids<\/td>\n<td width=\"125\">130g<\/td>\n<td width=\"124\">150g<\/td>\n<td width=\"112\">130g<\/td>\n<\/tr>\n<\/tbody>\n<\/table>","protected":false},"excerpt":{"rendered":"<p>Features\uff1a Parallel light source, clear and easy on the eyes adjustable to meet various needs Feels almost weightless when worn Extra-long battery life &nbsp; Specification Fixed spot Adjustable spot sensor switch spot diameter(operating distance below 400mm 90mm 5-90mm 90mm maximum illuminance(operating distance below 400mm) &nbsp; 30000lux 60000lux 60000lux Brightness adjustment 4-gear adjustment 4-gear adjustment 4-gear [&hellip;]<\/p>","protected":false},"featured_media":241,"comment_status":"open","ping_status":"closed","template":"","meta":[],"product_brand":[],"product_cat":[27],"product_tag":[],"class_list":{"0":"post-240","1":"product","2":"type-product","3":"status-publish","4":"has-post-thumbnail","6":"product_cat-medical-examination-lamp","8":"first","9":"instock","10":"shipping-taxable","11":"product-type-simple"},"_links":{"self":[{"href":"https:\/\/zoomsurg.com\/fr\/wp-json\/wp\/v2\/product\/240","targetHints":{"allow":["GET"]}}],"collection":[{"href":"https:\/\/zoomsurg.com\/fr\/wp-json\/wp\/v2\/product"}],"about":[{"href":"https:\/\/zoomsurg.com\/fr\/wp-json\/wp\/v2\/types\/product"}],"replies":[{"embeddable":true,"href":"https:\/\/zoomsurg.com\/fr\/wp-json\/wp\/v2\/comments?post=240"}],"wp:featuredmedia":[{"embeddable":true,"href":"https:\/\/zoomsurg.com\/fr\/wp-json\/wp\/v2\/media\/241"}],"wp:attachment":[{"href":"https:\/\/zoomsurg.com\/fr\/wp-json\/wp\/v2\/media?parent=240"}],"wp:term":[{"taxonomy":"product_brand","embeddable":true,"href":"https:\/\/zoomsurg.com\/fr\/wp-json\/wp\/v2\/product_brand?post=240"},{"taxonomy":"product_cat","embeddable":true,"href":"https:\/\/zoomsurg.com\/fr\/wp-json\/wp\/v2\/product_cat?post=240"},{"taxonomy":"product_tag","embeddable":true,"href":"https:\/\/zoomsurg.com\/fr\/wp-json\/wp\/v2\/product_tag?post=240"}],"curies":[{"name":"wp","href":"https:\/\/api.w.org\/{rel}","templated":true}]}}