{"id":236,"date":"2025-08-28T03:06:35","date_gmt":"2025-08-28T03:06:35","guid":{"rendered":"https:\/\/yiliao.ui-project.com\/?post_type=product&#038;p=236"},"modified":"2025-08-29T09:11:07","modified_gmt":"2025-08-29T09:11:07","slug":"bl-2","status":"publish","type":"product","link":"https:\/\/zoomsurg.com\/fr\/produit\/bl-2\/","title":{"rendered":"Loupe binoculaire BL-2"},"content":{"rendered":"<p><strong>Caract\u00e9ristiques\uff1a<\/strong><\/p>\n<ul>\n<li>Galil\u00e9e conception optique<\/li>\n<li>Apochromatique processus<\/li>\n<li>Transmission de la lumi\u00e8re \u00e9lev\u00e9e de rev\u00eatement de pr\u00e9cision<\/li>\n<li>Construit-dans des verres correcteurs<\/li>\n<li>Personnalis\u00e9<\/li>\n<\/ul>\n<p>&nbsp;<\/p>\n<p><strong>Sp\u00e9cifications techniques<\/strong><\/p>\n<table>\n<tbody>\n<tr>\n<td width=\"284\">rapport de grossissement<\/td>\n<td width=\"284\">2.3,2.5,3,3.5,4,5,6<\/td>\n<\/tr>\n<tr>\n<td width=\"284\">distance de fonctionnement<\/td>\n<td width=\"284\">300-600mm(Personnalisable)<\/td>\n<\/tr>\n<tr>\n<td width=\"284\">Mat\u00e9riau de la monture<\/td>\n<td width=\"284\">Titane<\/td>\n<\/tr>\n<tr>\n<td width=\"284\">champ de vision<\/td>\n<td width=\"284\">65-90 mm,65-120mm<\/td>\n<\/tr>\n<\/tbody>\n<\/table>","protected":false},"excerpt":{"rendered":"<p>Features\uff1a Galilean optical design Apochromatic process High light transmission precision coating Built-in corrective lenses Customized &nbsp; Technical specifications magnification ratio 2.3,2.5,3,3.5,4,5,6 operating distance 300-600mm(Customizable) Frame material Titanium field of view 65-90mm,65-120mm<\/p>","protected":false},"featured_media":237,"comment_status":"open","ping_status":"closed","template":"","meta":[],"product_brand":[],"product_cat":[26],"product_tag":[],"class_list":{"0":"post-236","1":"product","2":"type-product","3":"status-publish","4":"has-post-thumbnail","6":"product_cat-binocular-magnifier","8":"first","9":"instock","10":"shipping-taxable","11":"product-type-simple"},"_links":{"self":[{"href":"https:\/\/zoomsurg.com\/fr\/wp-json\/wp\/v2\/product\/236","targetHints":{"allow":["GET"]}}],"collection":[{"href":"https:\/\/zoomsurg.com\/fr\/wp-json\/wp\/v2\/product"}],"about":[{"href":"https:\/\/zoomsurg.com\/fr\/wp-json\/wp\/v2\/types\/product"}],"replies":[{"embeddable":true,"href":"https:\/\/zoomsurg.com\/fr\/wp-json\/wp\/v2\/comments?post=236"}],"wp:featuredmedia":[{"embeddable":true,"href":"https:\/\/zoomsurg.com\/fr\/wp-json\/wp\/v2\/media\/237"}],"wp:attachment":[{"href":"https:\/\/zoomsurg.com\/fr\/wp-json\/wp\/v2\/media?parent=236"}],"wp:term":[{"taxonomy":"product_brand","embeddable":true,"href":"https:\/\/zoomsurg.com\/fr\/wp-json\/wp\/v2\/product_brand?post=236"},{"taxonomy":"product_cat","embeddable":true,"href":"https:\/\/zoomsurg.com\/fr\/wp-json\/wp\/v2\/product_cat?post=236"},{"taxonomy":"product_tag","embeddable":true,"href":"https:\/\/zoomsurg.com\/fr\/wp-json\/wp\/v2\/product_tag?post=236"}],"curies":[{"name":"wp","href":"https:\/\/api.w.org\/{rel}","templated":true}]}}