{"id":234,"date":"2025-08-28T03:04:15","date_gmt":"2025-08-28T03:04:15","guid":{"rendered":"https:\/\/yiliao.ui-project.com\/?post_type=product&#038;p=234"},"modified":"2025-08-29T09:11:33","modified_gmt":"2025-08-29T09:11:33","slug":"binocular-magnifier-bl-1","status":"publish","type":"product","link":"https:\/\/zoomsurg.com\/fr\/produit\/binocular-magnifier-bl-1\/","title":{"rendered":"Loupe binoculaire BL-1"},"content":{"rendered":"<p><strong>Caract\u00e9ristiques\uff1a<\/strong><\/p>\n<ul>\n<li>Galil\u00e9e conception optique<\/li>\n<li>Apochromatique processus<\/li>\n<li>Transmission de la lumi\u00e8re \u00e9lev\u00e9e de rev\u00eatement de pr\u00e9cision<\/li>\n<li>Facile \u00e0 utiliser, l\u00e9ger, structure<\/li>\n<li>Haute stabilit\u00e9, confortable \u00e0 porter<\/li>\n<\/ul>\n<p><strong>Sp\u00e9cifications techniques<\/strong><\/p>\n<table style=\"height: 307px;\" width=\"891\">\n<tbody>\n<tr>\n<td width=\"171\">rapport de grossissement<\/td>\n<td width=\"132\">2.5<\/td>\n<td width=\"133\">3<\/td>\n<td width=\"133\">3.5<\/td>\n<\/tr>\n<tr>\n<td width=\"171\">distance de fonctionnement<\/td>\n<td width=\"132\">420mm<\/td>\n<td width=\"133\">420mm<\/td>\n<td width=\"133\">420mm<\/td>\n<\/tr>\n<tr>\n<td width=\"171\">diam\u00e8tre du champ visuel(la Mesure de la norme de distance de fonctionnement)<\/p>\n<p>&nbsp;<\/td>\n<td width=\"132\">110mm<\/td>\n<td width=\"133\">75mm<\/td>\n<td width=\"133\">70mm<\/td>\n<\/tr>\n<tr>\n<td width=\"171\">Poids<\/td>\n<td width=\"132\">118 g<\/td>\n<td width=\"133\">122g<\/td>\n<td width=\"133\">123g<\/td>\n<\/tr>\n<tr>\n<td width=\"171\">Le mat\u00e9riau de la lentille<\/td>\n<td width=\"132\">verre optique<\/td>\n<td width=\"133\">verre optique<\/td>\n<td width=\"133\">verre optique<\/td>\n<\/tr>\n<\/tbody>\n<\/table>","protected":false},"excerpt":{"rendered":"<p>Features\uff1a Galilean optical design Apochromatic process High light transmission precision coating Easy to operate, lightweight structure High stability, comfortable to wear Technical specifications magnification ratio 2.5 3 3.5 operating distance 420mm 420mm 420mm field of view diameter(Measurement at standard operating distance) &nbsp; 110mm 75mm 70mm Weight 118g 122g 123g Lens material optical glass optical glass [&hellip;]<\/p>","protected":false},"featured_media":235,"comment_status":"open","ping_status":"closed","template":"","meta":[],"product_brand":[],"product_cat":[26],"product_tag":[],"class_list":{"0":"post-234","1":"product","2":"type-product","3":"status-publish","4":"has-post-thumbnail","6":"product_cat-binocular-magnifier","8":"first","9":"instock","10":"shipping-taxable","11":"product-type-simple"},"_links":{"self":[{"href":"https:\/\/zoomsurg.com\/fr\/wp-json\/wp\/v2\/product\/234","targetHints":{"allow":["GET"]}}],"collection":[{"href":"https:\/\/zoomsurg.com\/fr\/wp-json\/wp\/v2\/product"}],"about":[{"href":"https:\/\/zoomsurg.com\/fr\/wp-json\/wp\/v2\/types\/product"}],"replies":[{"embeddable":true,"href":"https:\/\/zoomsurg.com\/fr\/wp-json\/wp\/v2\/comments?post=234"}],"wp:featuredmedia":[{"embeddable":true,"href":"https:\/\/zoomsurg.com\/fr\/wp-json\/wp\/v2\/media\/235"}],"wp:attachment":[{"href":"https:\/\/zoomsurg.com\/fr\/wp-json\/wp\/v2\/media?parent=234"}],"wp:term":[{"taxonomy":"product_brand","embeddable":true,"href":"https:\/\/zoomsurg.com\/fr\/wp-json\/wp\/v2\/product_brand?post=234"},{"taxonomy":"product_cat","embeddable":true,"href":"https:\/\/zoomsurg.com\/fr\/wp-json\/wp\/v2\/product_cat?post=234"},{"taxonomy":"product_tag","embeddable":true,"href":"https:\/\/zoomsurg.com\/fr\/wp-json\/wp\/v2\/product_tag?post=234"}],"curies":[{"name":"wp","href":"https:\/\/api.w.org\/{rel}","templated":true}]}}