{"id":224,"date":"2025-08-28T02:57:48","date_gmt":"2025-08-28T02:57:48","guid":{"rendered":"https:\/\/yiliao.ui-project.com\/?post_type=product&#038;p=224"},"modified":"2025-08-29T09:19:04","modified_gmt":"2025-08-29T09:19:04","slug":"zsm2000j","status":"publish","type":"product","link":"https:\/\/zoomsurg.com\/fr\/produit\/zsm2000j\/","title":{"rendered":"ZSM2000J"},"content":{"rendered":"<p><strong>Caract\u00e9ristiques<\/strong>\uff1a<\/p>\n<ul>\n<li>Syst\u00e8me optique apochromatique<\/li>\n<li>Haut restauration de la couleur et de contraste clair<\/li>\n<li>Excellente profondeur de champ<\/li>\n<li>Ultra-haute r\u00e9solution<\/li>\n<li>Rouge, Appareil Reflex<\/li>\n<li>Mont\u00e9 sur le c\u00f4t\u00e9 adjoint microscope<\/li>\n<li>Detachable three-section mechanical arm<\/li>\n<\/ul>\n<p><strong>Adapt\u00e9<\/strong> <strong>pour<\/strong>: Ophtalmologie<\/p>","protected":false},"excerpt":{"rendered":"<p>Features\uff1a Apochromatic optical system High color restoration and clear contrast Excellent depth of field Ultra high resolution Red Reflex Device Side-mounted assistant microscope Detachable three-section mechanical arm Suitable for: Ophthalmology<\/p>","protected":false},"featured_media":227,"comment_status":"open","ping_status":"closed","template":"","meta":[],"product_brand":[],"product_cat":[24],"product_tag":[],"class_list":{"0":"post-224","1":"product","2":"type-product","3":"status-publish","4":"has-post-thumbnail","6":"product_cat-ophthalmic-microscope","8":"first","9":"instock","10":"shipping-taxable","11":"product-type-simple"},"_links":{"self":[{"href":"https:\/\/zoomsurg.com\/fr\/wp-json\/wp\/v2\/product\/224","targetHints":{"allow":["GET"]}}],"collection":[{"href":"https:\/\/zoomsurg.com\/fr\/wp-json\/wp\/v2\/product"}],"about":[{"href":"https:\/\/zoomsurg.com\/fr\/wp-json\/wp\/v2\/types\/product"}],"replies":[{"embeddable":true,"href":"https:\/\/zoomsurg.com\/fr\/wp-json\/wp\/v2\/comments?post=224"}],"wp:featuredmedia":[{"embeddable":true,"href":"https:\/\/zoomsurg.com\/fr\/wp-json\/wp\/v2\/media\/227"}],"wp:attachment":[{"href":"https:\/\/zoomsurg.com\/fr\/wp-json\/wp\/v2\/media?parent=224"}],"wp:term":[{"taxonomy":"product_brand","embeddable":true,"href":"https:\/\/zoomsurg.com\/fr\/wp-json\/wp\/v2\/product_brand?post=224"},{"taxonomy":"product_cat","embeddable":true,"href":"https:\/\/zoomsurg.com\/fr\/wp-json\/wp\/v2\/product_cat?post=224"},{"taxonomy":"product_tag","embeddable":true,"href":"https:\/\/zoomsurg.com\/fr\/wp-json\/wp\/v2\/product_tag?post=224"}],"curies":[{"name":"wp","href":"https:\/\/api.w.org\/{rel}","templated":true}]}}