{"id":220,"date":"2025-08-28T02:55:46","date_gmt":"2025-08-28T02:55:46","guid":{"rendered":"https:\/\/yiliao.ui-project.com\/?post_type=product&#038;p=220"},"modified":"2025-08-29T09:19:26","modified_gmt":"2025-08-29T09:19:26","slug":"zsm3000l","status":"publish","type":"product","link":"https:\/\/zoomsurg.com\/fr\/produit\/zsm3000l\/","title":{"rendered":"ZSM3000L"},"content":{"rendered":"<p><strong>Caract\u00e9ristiques<\/strong>\uff1a<\/p>\n<ul>\n<li>Syst\u00e8me optique apochromatique<\/li>\n<li>Haut restauration de la couleur et de contraste clair<\/li>\n<li>Excellente profondeur de champ<\/li>\n<li>Ultra-haute r\u00e9solution<\/li>\n<li>stereo coaxial assistant microscope<\/li>\n<li>Rouge, Appareil Reflex<\/li>\n<li>Tout autour de soupape \u00e9lectromagn\u00e9tique de contr\u00f4le du bras robotique<\/li>\n<\/ul>\n<p><strong>Adapt\u00e9<\/strong> <strong>pour<\/strong>: Ophtalmologie<\/p>","protected":false},"excerpt":{"rendered":"<p>Features\uff1a Apochromatic optical system High color restoration and clear contrast Excellent depth of field Ultra high resolution stereo coaxial assistant microscope Red Reflex Device All-round electromagnetic valve control robotic arm Suitable for: Ophthalmology<\/p>","protected":false},"featured_media":223,"comment_status":"open","ping_status":"closed","template":"","meta":[],"product_brand":[],"product_cat":[24],"product_tag":[],"class_list":{"0":"post-220","1":"product","2":"type-product","3":"status-publish","4":"has-post-thumbnail","6":"product_cat-ophthalmic-microscope","8":"first","9":"instock","10":"shipping-taxable","11":"product-type-simple"},"_links":{"self":[{"href":"https:\/\/zoomsurg.com\/fr\/wp-json\/wp\/v2\/product\/220","targetHints":{"allow":["GET"]}}],"collection":[{"href":"https:\/\/zoomsurg.com\/fr\/wp-json\/wp\/v2\/product"}],"about":[{"href":"https:\/\/zoomsurg.com\/fr\/wp-json\/wp\/v2\/types\/product"}],"replies":[{"embeddable":true,"href":"https:\/\/zoomsurg.com\/fr\/wp-json\/wp\/v2\/comments?post=220"}],"wp:featuredmedia":[{"embeddable":true,"href":"https:\/\/zoomsurg.com\/fr\/wp-json\/wp\/v2\/media\/223"}],"wp:attachment":[{"href":"https:\/\/zoomsurg.com\/fr\/wp-json\/wp\/v2\/media?parent=220"}],"wp:term":[{"taxonomy":"product_brand","embeddable":true,"href":"https:\/\/zoomsurg.com\/fr\/wp-json\/wp\/v2\/product_brand?post=220"},{"taxonomy":"product_cat","embeddable":true,"href":"https:\/\/zoomsurg.com\/fr\/wp-json\/wp\/v2\/product_cat?post=220"},{"taxonomy":"product_tag","embeddable":true,"href":"https:\/\/zoomsurg.com\/fr\/wp-json\/wp\/v2\/product_tag?post=220"}],"curies":[{"name":"wp","href":"https:\/\/api.w.org\/{rel}","templated":true}]}}