{"id":254,"date":"2025-08-28T03:20:13","date_gmt":"2025-08-28T03:20:13","guid":{"rendered":"https:\/\/yiliao.ui-project.com\/?post_type=product&#038;p=254"},"modified":"2025-08-29T09:12:32","modified_gmt":"2025-08-29T09:12:32","slug":"hd-image-workstation","status":"publish","type":"product","link":"https:\/\/zoomsurg.com\/es\/producto\/hd-image-workstation\/","title":{"rendered":"HD la Imagen de la Estaci\u00f3n de trabajo"},"content":{"rendered":"<p><strong>Caracter\u00edsticas<\/strong><\/p>\n<ul>\n<li>Visualizaci\u00f3n en tiempo Real y almacenamiento de v\u00eddeo quir\u00fargica de las im\u00e1genes, las funciones de texto funciones de edici\u00f3n tales como la b\u00fasqueda, revisi\u00f3n y corte, as\u00ed como la letra y la voz, adem\u00e1s de las funciones.<\/li>\n<li>Mejorar digital de registros m\u00e9dicos por parte de la grabaci\u00f3n y el almacenamiento de la informaci\u00f3n b\u00e1sica del paciente.<\/li>\n<li>Registro de im\u00e1genes quir\u00fargicas y de los dibujos y categorizar autom\u00e1ticamente y guardar para una f\u00e1cil clasificaci\u00f3n y estad\u00edsticas. Usar una variedad de m\u00e9todos para consultar, recuperar e imprimir los registros m\u00e9dicos y los datos de la imagen.<\/li>\n<li>Equipado con full HD quir\u00fargico de la imagen sin p\u00e9rdida de edici\u00f3n de software y edici\u00f3n de imagen es clara, sin atenuaci\u00f3n, la edici\u00f3n es r\u00e1pido, y se puede grabar a trav\u00e9s de una unidad de DVD.<\/li>\n<li>Integradas de texto y de imagen quir\u00fargica de informes flexibles formatos de informe para elegir.<\/li>\n<li>Se ha r\u00e1pida y la reproducci\u00f3n a c\u00e1mara lenta y un solo marco de las funciones de captura.<\/li>\n<\/ul>","protected":false},"excerpt":{"rendered":"<p>Features Real-time display and storage of surgical video images; features text editing functions such as search, review, and cutting, as well as letter and voice addition functions. Improve digital medical records by recording and storing basic patient information. Record surgical images and pictures and automatically categorize and save them for easy classification and statistics. Use [&hellip;]<\/p>","protected":false},"featured_media":255,"comment_status":"open","ping_status":"closed","template":"","meta":[],"product_brand":[],"product_cat":[28],"product_tag":[],"class_list":{"0":"post-254","1":"product","2":"type-product","3":"status-publish","4":"has-post-thumbnail","6":"product_cat-others-and-consumables","8":"first","9":"instock","10":"shipping-taxable","11":"product-type-simple"},"_links":{"self":[{"href":"https:\/\/zoomsurg.com\/es\/wp-json\/wp\/v2\/product\/254","targetHints":{"allow":["GET"]}}],"collection":[{"href":"https:\/\/zoomsurg.com\/es\/wp-json\/wp\/v2\/product"}],"about":[{"href":"https:\/\/zoomsurg.com\/es\/wp-json\/wp\/v2\/types\/product"}],"replies":[{"embeddable":true,"href":"https:\/\/zoomsurg.com\/es\/wp-json\/wp\/v2\/comments?post=254"}],"wp:featuredmedia":[{"embeddable":true,"href":"https:\/\/zoomsurg.com\/es\/wp-json\/wp\/v2\/media\/255"}],"wp:attachment":[{"href":"https:\/\/zoomsurg.com\/es\/wp-json\/wp\/v2\/media?parent=254"}],"wp:term":[{"taxonomy":"product_brand","embeddable":true,"href":"https:\/\/zoomsurg.com\/es\/wp-json\/wp\/v2\/product_brand?post=254"},{"taxonomy":"product_cat","embeddable":true,"href":"https:\/\/zoomsurg.com\/es\/wp-json\/wp\/v2\/product_cat?post=254"},{"taxonomy":"product_tag","embeddable":true,"href":"https:\/\/zoomsurg.com\/es\/wp-json\/wp\/v2\/product_tag?post=254"}],"curies":[{"name":"wp","href":"https:\/\/api.w.org\/{rel}","templated":true}]}}