{"id":244,"date":"2025-08-28T03:14:51","date_gmt":"2025-08-28T03:14:51","guid":{"rendered":"https:\/\/yiliao.ui-project.com\/?post_type=product&#038;p=244"},"modified":"2025-08-29T09:16:50","modified_gmt":"2025-08-29T09:16:50","slug":"wet-lab-microscope","status":"publish","type":"product","link":"https:\/\/zoomsurg.com\/es\/producto\/wet-lab-microscope\/","title":{"rendered":"Wet-Lab Microscopio"},"content":{"rendered":"<p><strong>Caracter\u00edsticas:<\/strong><\/p>\n<ul>\n<li>Color de alta restauraci\u00f3n la precisi\u00f3n, la limpieza de contraste<\/li>\n<li>Mec\u00e1nicas \u00fanicas de dise\u00f1o de la estructura, con regulaci\u00f3n el\u00e9ctrica de enfoque y zoom dispositivos<\/li>\n<li>Dise\u00f1o ergon\u00f3mico<\/li>\n<\/ul>\n<p><strong>Adecuado para<\/strong>: El microscopio de la cirug\u00eda de la formaci\u00f3n y la educaci\u00f3n, los experimentos con animales<\/p>","protected":false},"excerpt":{"rendered":"<p>Features: High color restoration accuracy, clean contrast Unique mechanical structure design, with electrically controlled focus and zoom devices Ergonomic design Suitable for: Microscope surgery training and education, animal experiments<\/p>","protected":false},"featured_media":246,"comment_status":"open","ping_status":"closed","template":"","meta":[],"product_brand":[],"product_cat":[28],"product_tag":[],"class_list":{"0":"post-244","1":"product","2":"type-product","3":"status-publish","4":"has-post-thumbnail","6":"product_cat-others-and-consumables","8":"first","9":"instock","10":"shipping-taxable","11":"product-type-simple"},"_links":{"self":[{"href":"https:\/\/zoomsurg.com\/es\/wp-json\/wp\/v2\/product\/244","targetHints":{"allow":["GET"]}}],"collection":[{"href":"https:\/\/zoomsurg.com\/es\/wp-json\/wp\/v2\/product"}],"about":[{"href":"https:\/\/zoomsurg.com\/es\/wp-json\/wp\/v2\/types\/product"}],"replies":[{"embeddable":true,"href":"https:\/\/zoomsurg.com\/es\/wp-json\/wp\/v2\/comments?post=244"}],"wp:featuredmedia":[{"embeddable":true,"href":"https:\/\/zoomsurg.com\/es\/wp-json\/wp\/v2\/media\/246"}],"wp:attachment":[{"href":"https:\/\/zoomsurg.com\/es\/wp-json\/wp\/v2\/media?parent=244"}],"wp:term":[{"taxonomy":"product_brand","embeddable":true,"href":"https:\/\/zoomsurg.com\/es\/wp-json\/wp\/v2\/product_brand?post=244"},{"taxonomy":"product_cat","embeddable":true,"href":"https:\/\/zoomsurg.com\/es\/wp-json\/wp\/v2\/product_cat?post=244"},{"taxonomy":"product_tag","embeddable":true,"href":"https:\/\/zoomsurg.com\/es\/wp-json\/wp\/v2\/product_tag?post=244"}],"curies":[{"name":"wp","href":"https:\/\/api.w.org\/{rel}","templated":true}]}}