{"id":242,"date":"2025-08-28T03:13:59","date_gmt":"2025-08-28T03:13:59","guid":{"rendered":"https:\/\/yiliao.ui-project.com\/?post_type=product&#038;p=242"},"modified":"2025-08-29T09:17:12","modified_gmt":"2025-08-29T09:17:12","slug":"medical-examination-lamp-5100-40%ef%bc%8c5100-50","status":"publish","type":"product","link":"https:\/\/zoomsurg.com\/es\/producto\/medical-examination-lamp-5100-40%ef%bc%8c5100-50\/","title":{"rendered":"Examen m\u00e9dico de la l\u00e1mpara 5100-40\uff0c5100-50"},"content":{"rendered":"<p><strong>Caracter\u00edsticas<\/strong>\uff1a<\/p>\n<ul>\n<li>Galileo trayectoria de la luz el dise\u00f1o, la avanzada de multi-capa de recubrimiento y complejo acrom\u00e1ticos de la tecnolog\u00eda, gran campo de visi\u00f3n, reducir la fatiga ocular<\/li>\n<li>C\u00f3nicos principio de estructura, f\u00e1cil alumno intersecci\u00f3n, binocular de campo de vista siempre se superponen<\/li>\n<li>Auxiliares de los faros iluminaci\u00f3n\uff0c de f\u00e1cil colocaci\u00f3n, con el eje visual, coincidiendo con el eje \u00f3ptico para una f\u00e1cil manipulaci\u00f3n de profundidad<\/li>\n<li>Coaxial de ajuste de los binoculares de aumento centrado en el eje \u00f3ptico, la sincronizaci\u00f3n de la mancha y el campo de visi\u00f3n, operaci\u00f3n simple<\/li>\n<li>Multi-\u00e1ngulo, multi-direccional, adaptable a las diferentes necesidades y diferentes m\u00e9dicos de uso\uff08MEL5100-50\uff09<\/li>\n<\/ul>\n<p><strong>Especificaci\u00f3n<\/strong><\/p>\n<table>\n<tbody>\n<tr>\n<td width=\"216\">Ampliaci\u00f3n y la Resoluci\u00f3n<\/td>\n<td width=\"352\">2.5 X<\/td>\n<\/tr>\n<tr>\n<td width=\"216\">di\u00e1metro de spot<\/td>\n<td width=\"352\">1200m m@400 mm,130 mm@500mm<\/td>\n<\/tr>\n<tr>\n<td width=\"216\">La profundidad de campo<\/td>\n<td width=\"352\">200nn<\/td>\n<\/tr>\n<tr>\n<td width=\"216\">distancia interpupilar<\/td>\n<td width=\"352\">50 mm-75 mm<\/td>\n<\/tr>\n<tr>\n<td width=\"216\">m\u00e1xima iluminaci\u00f3n<\/td>\n<td width=\"352\">18000lux@200mm<\/td>\n<\/tr>\n<tr>\n<td width=\"216\">Ajuste del brillo de la<\/td>\n<td width=\"352\">4 niveles de<\/td>\n<\/tr>\n<tr>\n<td width=\"216\">Di\u00e1metro de la cabeza de la l\u00e1mpara<\/td>\n<td width=\"352\">18mm<\/td>\n<\/tr>\n<tr>\n<td width=\"216\">Vida \u00fatil del LED<\/td>\n<td width=\"352\">100000h<\/td>\n<\/tr>\n<tr>\n<td width=\"216\">Duraci\u00f3n<\/td>\n<td width=\"352\">menor brillo 24h,mayor brightness6h<\/td>\n<\/tr>\n<tr>\n<td width=\"216\">la temperatura de color<\/td>\n<td width=\"352\">5700k-6500k<\/td>\n<\/tr>\n<tr>\n<td width=\"216\">Faro de ajuste de \u00e1ngulo<\/td>\n<td width=\"352\">cualquier \u00e1ngulo<\/td>\n<\/tr>\n<tr>\n<td width=\"216\">Bater\u00eda<\/td>\n<td width=\"352\">Bater\u00eda recargable de pol\u00edmero de litio de la bater\u00eda de 2000mAh,DC3.7V,Extra\u00edble<\/td>\n<\/tr>\n<\/tbody>\n<\/table>","protected":false},"excerpt":{"rendered":"<p>Features\uff1a Galilean light path design, advanced multi-layer coating and complex achromatic technology, large field of view, reduce eye fatigue Conical structure principle, easy pupil intersection, binocular field of view always overlap Auxiliary headlamp illumination\uff0c easy positioning, with the visual axis coinciding with the optical axis for easy depth manipulation Coaxial adjustment of binocular magnification centered [&hellip;]<\/p>","protected":false},"featured_media":243,"comment_status":"open","ping_status":"closed","template":"","meta":[],"product_brand":[],"product_cat":[27],"product_tag":[],"class_list":{"0":"post-242","1":"product","2":"type-product","3":"status-publish","4":"has-post-thumbnail","6":"product_cat-medical-examination-lamp","8":"first","9":"instock","10":"shipping-taxable","11":"product-type-simple"},"_links":{"self":[{"href":"https:\/\/zoomsurg.com\/es\/wp-json\/wp\/v2\/product\/242","targetHints":{"allow":["GET"]}}],"collection":[{"href":"https:\/\/zoomsurg.com\/es\/wp-json\/wp\/v2\/product"}],"about":[{"href":"https:\/\/zoomsurg.com\/es\/wp-json\/wp\/v2\/types\/product"}],"replies":[{"embeddable":true,"href":"https:\/\/zoomsurg.com\/es\/wp-json\/wp\/v2\/comments?post=242"}],"wp:featuredmedia":[{"embeddable":true,"href":"https:\/\/zoomsurg.com\/es\/wp-json\/wp\/v2\/media\/243"}],"wp:attachment":[{"href":"https:\/\/zoomsurg.com\/es\/wp-json\/wp\/v2\/media?parent=242"}],"wp:term":[{"taxonomy":"product_brand","embeddable":true,"href":"https:\/\/zoomsurg.com\/es\/wp-json\/wp\/v2\/product_brand?post=242"},{"taxonomy":"product_cat","embeddable":true,"href":"https:\/\/zoomsurg.com\/es\/wp-json\/wp\/v2\/product_cat?post=242"},{"taxonomy":"product_tag","embeddable":true,"href":"https:\/\/zoomsurg.com\/es\/wp-json\/wp\/v2\/product_tag?post=242"}],"curies":[{"name":"wp","href":"https:\/\/api.w.org\/{rel}","templated":true}]}}