{"id":240,"date":"2025-08-28T03:11:56","date_gmt":"2025-08-28T03:11:56","guid":{"rendered":"https:\/\/yiliao.ui-project.com\/?post_type=product&#038;p=240"},"modified":"2025-08-29T09:17:25","modified_gmt":"2025-08-29T09:17:25","slug":"medical-examination-lamp-5100","status":"publish","type":"product","link":"https:\/\/zoomsurg.com\/es\/producto\/medical-examination-lamp-5100\/","title":{"rendered":"Examen m\u00e9dico de la l\u00e1mpara 5100"},"content":{"rendered":"<p><strong>Caracter\u00edsticas<\/strong>\uff1a<\/p>\n<ul>\n<li>En paralelo fuente de luz, clara y f\u00e1cil en los ojos<\/li>\n<li>ajustable para satisfacer diversas necesidades<\/li>\n<li>Se siente casi sin peso cuando se usa<\/li>\n<li>Extra-larga vida \u00fatil de la bater\u00eda<\/li>\n<\/ul>\n<p>&nbsp;<\/p>\n<p><strong>Especificaci\u00f3n<\/strong><\/p>\n<table>\n<tbody>\n<tr>\n<td width=\"207\"><\/td>\n<td width=\"125\">Lugar fijo<\/td>\n<td width=\"124\">Ajustable irregular<\/td>\n<td width=\"112\">interruptor del sensor<\/td>\n<\/tr>\n<tr>\n<td width=\"207\">di\u00e1metro del punto(distancia de funcionamiento por debajo de 400 mm<\/td>\n<td width=\"125\">90mm<\/td>\n<td width=\"124\">5-90mm<\/td>\n<td width=\"112\">90mm<\/td>\n<\/tr>\n<tr>\n<td width=\"207\">m\u00e1ximo de iluminancia(distancia de funcionamiento por debajo de 400 mm)<\/p>\n<p>&nbsp;<\/td>\n<td width=\"125\">30000lux<\/td>\n<td width=\"124\">60000lux<\/td>\n<td width=\"112\">60000lux<\/td>\n<\/tr>\n<tr>\n<td width=\"207\">Ajuste del brillo de la<\/td>\n<td width=\"125\">4-engranaje de ajuste<\/td>\n<td width=\"124\">4-engranaje de ajuste<\/td>\n<td width=\"112\">4-engranaje de ajuste<\/td>\n<\/tr>\n<tr>\n<td width=\"207\">Nivel de la bater\u00eda de notificaci\u00f3n<\/td>\n<td width=\"125\">\u221a<\/td>\n<td width=\"124\">\u221a<\/td>\n<td width=\"112\">\u221a<\/td>\n<\/tr>\n<tr>\n<td width=\"207\">Di\u00e1metro de la cabeza de la l\u00e1mpara<\/td>\n<td width=\"125\">18mm<\/td>\n<td width=\"124\">18mm<\/td>\n<td width=\"112\">18mm<\/td>\n<\/tr>\n<tr>\n<td width=\"207\">Vida \u00fatil del LED<\/td>\n<td width=\"125\">100000h<\/td>\n<td width=\"124\">100000h<\/td>\n<td width=\"112\">100000h<\/td>\n<\/tr>\n<tr>\n<td width=\"207\">Faro de ajuste de \u00e1ngulo<\/td>\n<td width=\"125\">cualquier \u00e1ngulo<\/td>\n<td width=\"124\">cualquier \u00e1ngulo<\/td>\n<td width=\"112\">cualquier \u00e1ngulo<\/td>\n<\/tr>\n<tr>\n<td width=\"207\">Duraci\u00f3n (m\u00e1s bajo brillo)<\/td>\n<td width=\"125\">24h<\/td>\n<td width=\"124\">24h<\/td>\n<td width=\"112\">24h<\/td>\n<\/tr>\n<tr>\n<td width=\"207\">Duraci\u00f3n (alto brillo)<\/td>\n<td width=\"125\">5h<\/td>\n<td width=\"124\">5h<\/td>\n<td width=\"112\">5h<\/td>\n<\/tr>\n<tr>\n<td width=\"207\">la temperatura de color<\/td>\n<td width=\"125\">5700k-6500k<\/td>\n<td width=\"124\">5700k-6500k<\/td>\n<td width=\"112\">5700k-6500k<\/td>\n<\/tr>\n<tr>\n<td width=\"207\">Tipo De Bater\u00eda<\/td>\n<td width=\"125\">Bater\u00eda Recargable De Pol\u00edmero De Litio De La Bater\u00eda<\/td>\n<td width=\"124\">Bater\u00eda Recargable De Pol\u00edmero De Litio De La Bater\u00eda<\/td>\n<td width=\"112\">Bater\u00eda Recargable De Pol\u00edmero De Litio De La Bater\u00eda<\/td>\n<\/tr>\n<tr>\n<td width=\"207\">capacidad de la bater\u00eda<\/td>\n<td width=\"125\">2000mAh<\/td>\n<td width=\"124\">2000mAh<\/td>\n<td width=\"112\">2000mAh<\/td>\n<\/tr>\n<tr>\n<td width=\"207\">Peso<\/td>\n<td width=\"125\">130g<\/td>\n<td width=\"124\">150g<\/td>\n<td width=\"112\">130g<\/td>\n<\/tr>\n<\/tbody>\n<\/table>","protected":false},"excerpt":{"rendered":"<p>Features\uff1a Parallel light source, clear and easy on the eyes adjustable to meet various needs Feels almost weightless when worn Extra-long battery life &nbsp; Specification Fixed spot Adjustable spot sensor switch spot diameter(operating distance below 400mm 90mm 5-90mm 90mm maximum illuminance(operating distance below 400mm) &nbsp; 30000lux 60000lux 60000lux Brightness adjustment 4-gear adjustment 4-gear adjustment 4-gear [&hellip;]<\/p>","protected":false},"featured_media":241,"comment_status":"open","ping_status":"closed","template":"","meta":[],"product_brand":[],"product_cat":[27],"product_tag":[],"class_list":{"0":"post-240","1":"product","2":"type-product","3":"status-publish","4":"has-post-thumbnail","6":"product_cat-medical-examination-lamp","8":"first","9":"instock","10":"shipping-taxable","11":"product-type-simple"},"_links":{"self":[{"href":"https:\/\/zoomsurg.com\/es\/wp-json\/wp\/v2\/product\/240","targetHints":{"allow":["GET"]}}],"collection":[{"href":"https:\/\/zoomsurg.com\/es\/wp-json\/wp\/v2\/product"}],"about":[{"href":"https:\/\/zoomsurg.com\/es\/wp-json\/wp\/v2\/types\/product"}],"replies":[{"embeddable":true,"href":"https:\/\/zoomsurg.com\/es\/wp-json\/wp\/v2\/comments?post=240"}],"wp:featuredmedia":[{"embeddable":true,"href":"https:\/\/zoomsurg.com\/es\/wp-json\/wp\/v2\/media\/241"}],"wp:attachment":[{"href":"https:\/\/zoomsurg.com\/es\/wp-json\/wp\/v2\/media?parent=240"}],"wp:term":[{"taxonomy":"product_brand","embeddable":true,"href":"https:\/\/zoomsurg.com\/es\/wp-json\/wp\/v2\/product_brand?post=240"},{"taxonomy":"product_cat","embeddable":true,"href":"https:\/\/zoomsurg.com\/es\/wp-json\/wp\/v2\/product_cat?post=240"},{"taxonomy":"product_tag","embeddable":true,"href":"https:\/\/zoomsurg.com\/es\/wp-json\/wp\/v2\/product_tag?post=240"}],"curies":[{"name":"wp","href":"https:\/\/api.w.org\/{rel}","templated":true}]}}