{"id":213,"date":"2025-08-27T10:21:35","date_gmt":"2025-08-27T10:21:35","guid":{"rendered":"https:\/\/yiliao.ui-project.com\/?post_type=product&#038;p=213"},"modified":"2025-09-10T07:37:54","modified_gmt":"2025-09-10T07:37:54","slug":"zem3oo","status":"publish","type":"product","link":"https:\/\/zoomsurg.com\/es\/producto\/zem3oo\/","title":{"rendered":"ZEM3OO"},"content":{"rendered":"<p><strong>Caracter\u00edsticas<\/strong>\uff1a<\/p>\n<ul>\n<li>Apocrom\u00e1tico sistema \u00f3ptico<\/li>\n<li>Color de alta restauraci\u00f3n y claro contraste<\/li>\n<li>Excelente profundidad de campo<\/li>\n<li>De Ultra alta resoluci\u00f3n<\/li>\n<li>Mismo camino \u00f3ptico universal ayudante de microscopio<\/li>\n<\/ul>\n<p><strong>Adecuado<\/strong> <strong>para<\/strong>: Ortopedia, Neurocirug\u00eda, Cirug\u00eda de la Columna vertebral, ENT, Pentacology,Estomatolog\u00eda, Urolog\u00eda, Cirug\u00eda de Trasplante,etc.<\/p>","protected":false},"excerpt":{"rendered":"<p>Features\uff1a Apochromatic optical system High color restoration and clear contrast Excellent depth of field Ultra high resolution Same optical path universal assistant microscope Suitable for: Orthopedics, Neurosurgery, Spine Surgery, ENT, Pentacology,Stomatology, Urology, Transplantation Surgery,etc.<\/p>","protected":false},"featured_media":119,"comment_status":"open","ping_status":"closed","template":"","meta":[],"product_brand":[],"product_cat":[23],"product_tag":[],"class_list":{"0":"post-213","1":"product","2":"type-product","3":"status-publish","4":"has-post-thumbnail","6":"product_cat-surgical-microscope","8":"first","9":"instock","10":"shipping-taxable","11":"product-type-simple"},"_links":{"self":[{"href":"https:\/\/zoomsurg.com\/es\/wp-json\/wp\/v2\/product\/213","targetHints":{"allow":["GET"]}}],"collection":[{"href":"https:\/\/zoomsurg.com\/es\/wp-json\/wp\/v2\/product"}],"about":[{"href":"https:\/\/zoomsurg.com\/es\/wp-json\/wp\/v2\/types\/product"}],"replies":[{"embeddable":true,"href":"https:\/\/zoomsurg.com\/es\/wp-json\/wp\/v2\/comments?post=213"}],"wp:featuredmedia":[{"embeddable":true,"href":"https:\/\/zoomsurg.com\/es\/wp-json\/wp\/v2\/media\/119"}],"wp:attachment":[{"href":"https:\/\/zoomsurg.com\/es\/wp-json\/wp\/v2\/media?parent=213"}],"wp:term":[{"taxonomy":"product_brand","embeddable":true,"href":"https:\/\/zoomsurg.com\/es\/wp-json\/wp\/v2\/product_brand?post=213"},{"taxonomy":"product_cat","embeddable":true,"href":"https:\/\/zoomsurg.com\/es\/wp-json\/wp\/v2\/product_cat?post=213"},{"taxonomy":"product_tag","embeddable":true,"href":"https:\/\/zoomsurg.com\/es\/wp-json\/wp\/v2\/product_tag?post=213"}],"curies":[{"name":"wp","href":"https:\/\/api.w.org\/{rel}","templated":true}]}}