{"id":254,"date":"2025-08-28T03:20:13","date_gmt":"2025-08-28T03:20:13","guid":{"rendered":"https:\/\/yiliao.ui-project.com\/?post_type=product&#038;p=254"},"modified":"2025-08-29T09:12:32","modified_gmt":"2025-08-29T09:12:32","slug":"hd-image-workstation","status":"publish","type":"product","link":"https:\/\/zoomsurg.com\/de\/product\/hd-image-workstation\/","title":{"rendered":"HD Image Workstation"},"content":{"rendered":"<p><strong>Features<\/strong><\/p>\n<ul>\n<li>Echtzeit-Anzeige und Speicherung der chirurgischen video Bilder; bietet text-editing-Funktionen wie Suche, Bewertung und schneiden, sowie Brief-und voice-Zusatz-Funktionen.<\/li>\n<li>Verbessern die digitale Krankenakte, die durch die Aufnahme und Speicherung von basic patient information.<\/li>\n<li>Record chirurgische Bilder und Bilder, und automatisch kategorisieren und speichern Sie Sie f\u00fcr eine einfache Klassifizierung und Statistik. Verwenden eine Vielzahl von Methoden zum Abfragen, abrufen und drucken Sie medizinische Aufzeichnungen und Bild-Daten.<\/li>\n<li>Ausgestattet mit full-HD-chirurgischen Bild verlustfrei Bearbeiten software, Bild-Bearbeitung ist klar ohne D\u00e4mpfung, die Bearbeitung ist schnell und gebrannt werden k\u00f6nnen, die \u00fcber ein DVD-Laufwerk.<\/li>\n<li>Bieten eine integrierte text-und Bild-op-Berichte mit flexiblen Bericht-Formate, zum von zu w\u00e4hlen.<\/li>\n<li>Es hat schnelle und langsame Wiedergabe und Einzelbild-capture-Funktionen.<\/li>\n<\/ul>","protected":false},"excerpt":{"rendered":"<p>Features Real-time display and storage of surgical video images; features text editing functions such as search, review, and cutting, as well as letter and voice addition functions. Improve digital medical records by recording and storing basic patient information. Record surgical images and pictures and automatically categorize and save them for easy classification and statistics. Use [&hellip;]<\/p>","protected":false},"featured_media":255,"comment_status":"open","ping_status":"closed","template":"","meta":[],"product_brand":[],"product_cat":[28],"product_tag":[],"class_list":{"0":"post-254","1":"product","2":"type-product","3":"status-publish","4":"has-post-thumbnail","6":"product_cat-others-and-consumables","8":"first","9":"instock","10":"shipping-taxable","11":"product-type-simple"},"_links":{"self":[{"href":"https:\/\/zoomsurg.com\/de\/wp-json\/wp\/v2\/product\/254","targetHints":{"allow":["GET"]}}],"collection":[{"href":"https:\/\/zoomsurg.com\/de\/wp-json\/wp\/v2\/product"}],"about":[{"href":"https:\/\/zoomsurg.com\/de\/wp-json\/wp\/v2\/types\/product"}],"replies":[{"embeddable":true,"href":"https:\/\/zoomsurg.com\/de\/wp-json\/wp\/v2\/comments?post=254"}],"wp:featuredmedia":[{"embeddable":true,"href":"https:\/\/zoomsurg.com\/de\/wp-json\/wp\/v2\/media\/255"}],"wp:attachment":[{"href":"https:\/\/zoomsurg.com\/de\/wp-json\/wp\/v2\/media?parent=254"}],"wp:term":[{"taxonomy":"product_brand","embeddable":true,"href":"https:\/\/zoomsurg.com\/de\/wp-json\/wp\/v2\/product_brand?post=254"},{"taxonomy":"product_cat","embeddable":true,"href":"https:\/\/zoomsurg.com\/de\/wp-json\/wp\/v2\/product_cat?post=254"},{"taxonomy":"product_tag","embeddable":true,"href":"https:\/\/zoomsurg.com\/de\/wp-json\/wp\/v2\/product_tag?post=254"}],"curies":[{"name":"wp","href":"https:\/\/api.w.org\/{rel}","templated":true}]}}