{"id":242,"date":"2025-08-28T03:13:59","date_gmt":"2025-08-28T03:13:59","guid":{"rendered":"https:\/\/yiliao.ui-project.com\/?post_type=product&#038;p=242"},"modified":"2025-08-29T09:17:12","modified_gmt":"2025-08-29T09:17:12","slug":"medical-examination-lamp-5100-40%ef%bc%8c5100-50","status":"publish","type":"product","link":"https:\/\/zoomsurg.com\/de\/product\/medical-examination-lamp-5100-40%ef%bc%8c5100-50\/","title":{"rendered":"Medizinische Pr\u00fcfung Lampe 5100-40\uff0c5100-50"},"content":{"rendered":"<p><strong>Features<\/strong>\uff1a<\/p>\n<ul>\n<li>Die Galileischen Licht Pfad design, erweiterte multi-Schicht Beschichtung und komplexe achromatische Technologie, gro\u00dfes Sichtfeld, reduziert die Erm\u00fcdung der Augen<\/li>\n<li>Konische Struktur Prinzip einfach Sch\u00fcler Kreuzung, das binokulare Gesichtsfeld immer \u00fcberlappen<\/li>\n<li>Hilfs Scheinwerfer Beleuchtung\uff0c einfache Positionierung, mit der visuellen Achse zeitgleich mit der optischen Achse f\u00fcr die einfache Tiefe manipulation<\/li>\n<li>Koaxiale Ausrichtung der binokulare Vergr\u00f6\u00dferung zentriert auf der optischen Achse, die Synchronisierung von spot-und Sichtfeld, einfache Bedienung<\/li>\n<li>Multi-angle, multi-directional, anpassbar an die verschiedenen Anforderungen und verschiedene \u00e4rzte' usage\uff08MEL5100-50\uff09<\/li>\n<\/ul>\n<p><strong>Spezifikation<\/strong><\/p>\n<table>\n<tbody>\n<tr>\n<td width=\"216\">Vergr\u00f6\u00dferung und Aufl\u00f6sung<\/td>\n<td width=\"352\">2,5 X<\/td>\n<\/tr>\n<tr>\n<td width=\"216\">spot Durchmesser<\/td>\n<td width=\"352\">1200 mm@400 mm,130 mm@500 mm<\/td>\n<\/tr>\n<tr>\n<td width=\"216\">Tiefe von Feld<\/td>\n<td width=\"352\">200nn<\/td>\n<\/tr>\n<tr>\n<td width=\"216\">Pupillendistanz<\/td>\n<td width=\"352\">50mm-75mm<\/td>\n<\/tr>\n<tr>\n<td width=\"216\">maximale Beleuchtungsst\u00e4rke<\/td>\n<td width=\"352\">18000lux@200mm<\/td>\n<\/tr>\n<tr>\n<td width=\"216\">Helligkeit Einstellung<\/td>\n<td width=\"352\">4 Ebenen<\/td>\n<\/tr>\n<tr>\n<td width=\"216\">Lampe Kopf Durchmesser<\/td>\n<td width=\"352\">18mm<\/td>\n<\/tr>\n<tr>\n<td width=\"216\">LED-Lebensdauer<\/td>\n<td width=\"352\">Mm 100000h<\/td>\n<\/tr>\n<tr>\n<td width=\"216\">Dauer<\/td>\n<td width=\"352\">niedrigste Helligkeit 24h,h\u00f6chste brightness6h<\/td>\n<\/tr>\n<tr>\n<td width=\"216\">Farbe Temperatur<\/td>\n<td width=\"352\">5700k-6500k<\/td>\n<\/tr>\n<tr>\n<td width=\"216\">Leuchtweitenregulierung Winkel<\/td>\n<td width=\"352\">jedem Winkel<\/td>\n<\/tr>\n<tr>\n<td width=\"216\">Batterie<\/td>\n<td width=\"352\">Wiederaufladbare polymer-lithium-Batterie 2000mAh,DC3.7V,Abnehmbare<\/td>\n<\/tr>\n<\/tbody>\n<\/table>","protected":false},"excerpt":{"rendered":"<p>Features\uff1a Galilean light path design, advanced multi-layer coating and complex achromatic technology, large field of view, reduce eye fatigue Conical structure principle, easy pupil intersection, binocular field of view always overlap Auxiliary headlamp illumination\uff0c easy positioning, with the visual axis coinciding with the optical axis for easy depth manipulation Coaxial adjustment of binocular magnification centered [&hellip;]<\/p>","protected":false},"featured_media":243,"comment_status":"open","ping_status":"closed","template":"","meta":[],"product_brand":[],"product_cat":[27],"product_tag":[],"class_list":{"0":"post-242","1":"product","2":"type-product","3":"status-publish","4":"has-post-thumbnail","6":"product_cat-medical-examination-lamp","8":"first","9":"instock","10":"shipping-taxable","11":"product-type-simple"},"_links":{"self":[{"href":"https:\/\/zoomsurg.com\/de\/wp-json\/wp\/v2\/product\/242","targetHints":{"allow":["GET"]}}],"collection":[{"href":"https:\/\/zoomsurg.com\/de\/wp-json\/wp\/v2\/product"}],"about":[{"href":"https:\/\/zoomsurg.com\/de\/wp-json\/wp\/v2\/types\/product"}],"replies":[{"embeddable":true,"href":"https:\/\/zoomsurg.com\/de\/wp-json\/wp\/v2\/comments?post=242"}],"wp:featuredmedia":[{"embeddable":true,"href":"https:\/\/zoomsurg.com\/de\/wp-json\/wp\/v2\/media\/243"}],"wp:attachment":[{"href":"https:\/\/zoomsurg.com\/de\/wp-json\/wp\/v2\/media?parent=242"}],"wp:term":[{"taxonomy":"product_brand","embeddable":true,"href":"https:\/\/zoomsurg.com\/de\/wp-json\/wp\/v2\/product_brand?post=242"},{"taxonomy":"product_cat","embeddable":true,"href":"https:\/\/zoomsurg.com\/de\/wp-json\/wp\/v2\/product_cat?post=242"},{"taxonomy":"product_tag","embeddable":true,"href":"https:\/\/zoomsurg.com\/de\/wp-json\/wp\/v2\/product_tag?post=242"}],"curies":[{"name":"wp","href":"https:\/\/api.w.org\/{rel}","templated":true}]}}