{"id":44,"date":"2025-08-23T09:34:17","date_gmt":"2025-08-23T09:34:17","guid":{"rendered":"https:\/\/yiliao.ui-project.com\/?page_id=44"},"modified":"2025-09-10T07:39:19","modified_gmt":"2025-09-10T07:39:19","slug":"about","status":"publish","type":"page","link":"https:\/\/zoomsurg.com\/de\/about\/","title":{"rendered":"About"},"content":{"rendered":"<div data-elementor-type=\"wp-page\" data-elementor-id=\"44\" class=\"elementor elementor-44\" data-elementor-post-type=\"page\">\n\t\t\t\t<div class=\"elementor-element elementor-element-e6ace91 e-flex e-con-boxed e-con e-parent\" data-id=\"e6ace91\" data-element_type=\"container\" data-e-type=\"container\" data-settings=\"{&quot;background_background&quot;:&quot;classic&quot;}\">\n\t\t\t\t\t<div class=\"e-con-inner\">\n\t\t<div class=\"elementor-element elementor-element-d3c8f08 e-con-full e-flex e-con e-child\" data-id=\"d3c8f08\" data-element_type=\"container\" data-e-type=\"container\">\n\t\t\t\t<div class=\"elementor-element elementor-element-6044a63 elementor-widget elementor-widget-heading\" data-id=\"6044a63\" data-element_type=\"widget\" data-e-type=\"widget\" data-widget_type=\"heading.default\">\n\t\t\t\t\t<h2 class=\"elementor-heading-title elementor-size-default\">\u00dcber Uns<\/h2>\t\t\t\t<\/div>\n\t\t<div class=\"elementor-element elementor-element-c9f9b20 e-con-full e-flex e-con e-child\" data-id=\"c9f9b20\" data-element_type=\"container\" data-e-type=\"container\">\n\t\t<div class=\"elementor-element elementor-element-4e0d1bc e-con-full e-flex e-con e-child\" data-id=\"4e0d1bc\" data-element_type=\"container\" data-e-type=\"container\">\n\t\t\t\t<div class=\"elementor-element elementor-element-7f53c93 elementor-widget elementor-widget-icon-box\" data-id=\"7f53c93\" data-element_type=\"widget\" data-e-type=\"widget\" data-widget_type=\"icon-box.default\">\n\t\t\t\t\t\t\t<div class=\"elementor-icon-box-wrapper\">\n\n\t\t\t\n\t\t\t\t\t\t<div class=\"elementor-icon-box-content\">\n\n\t\t\t\t\t\t\t\t\t<h3 class=\"elementor-icon-box-title\">\n\t\t\t\t\t\t<span  >\n\t\t\t\t\t\t\tAdresse\uff1a\t\t\t\t\t\t<\/span>\n\t\t\t\t\t<\/h3>\n\t\t\t\t\n\t\t\t\t\t\t\t\t\t<p class=\"elementor-icon-box-description\">\n\t\t\t\t\t\tUnit B05, 16\/FL Haowangjiao Ecke Centre, No. 800 Minghu West Street, Jinan China\t\t\t\t\t<\/p>\n\t\t\t\t\n\t\t\t<\/div>\n\t\t\t\n\t\t<\/div>\n\t\t\t\t\t\t<\/div>\n\t\t\t\t<div class=\"elementor-element elementor-element-9f6760a elementor-widget elementor-widget-icon-box\" data-id=\"9f6760a\" data-element_type=\"widget\" data-e-type=\"widget\" data-widget_type=\"icon-box.default\">\n\t\t\t\t\t\t\t<div class=\"elementor-icon-box-wrapper\">\n\n\t\t\t\n\t\t\t\t\t\t<div class=\"elementor-icon-box-content\">\n\n\t\t\t\t\t\t\t\t\t<h3 class=\"elementor-icon-box-title\">\n\t\t\t\t\t\t<span  >\n\t\t\t\t\t\t\tE-Mail:\t\t\t\t\t\t<\/span>\n\t\t\t\t\t<\/h3>\n\t\t\t\t\n\t\t\t\t\t\t\t\t\t<p class=\"elementor-icon-box-description\">\n\t\t\t\t\t\tsupport@zoomsurg.com\t\t\t\t\t<\/p>\n\t\t\t\t\n\t\t\t<\/div>\n\t\t\t\n\t\t<\/div>\n\t\t\t\t\t\t<\/div>\n\t\t\t\t<div class=\"elementor-element elementor-element-e42957f elementor-widget elementor-widget-icon-box\" data-id=\"e42957f\" data-element_type=\"widget\" data-e-type=\"widget\" data-widget_type=\"icon-box.default\">\n\t\t\t\t\t\t\t<div class=\"elementor-icon-box-wrapper\">\n\n\t\t\t\n\t\t\t\t\t\t<div class=\"elementor-icon-box-content\">\n\n\t\t\t\t\t\t\t\t\t<h3 class=\"elementor-icon-box-title\">\n\t\t\t\t\t\t<span  >\n\t\t\t\t\t\t\tTelefon:\t\t\t\t\t\t<\/span>\n\t\t\t\t\t<\/h3>\n\t\t\t\t\n\t\t\t\t\t\t\t\t\t<p class=\"elementor-icon-box-description\">\n\t\t\t\t\t\t+86 131 7305 2736\t\t\t\t\t<\/p>\n\t\t\t\t\n\t\t\t<\/div>\n\t\t\t\n\t\t<\/div>\n\t\t\t\t\t\t<\/div>\n\t\t\t\t<div class=\"elementor-element elementor-element-ffd8f7e elementor-widget elementor-widget-icon-box\" data-id=\"ffd8f7e\" data-element_type=\"widget\" data-e-type=\"widget\" data-widget_type=\"icon-box.default\">\n\t\t\t\t\t\t\t<div class=\"elementor-icon-box-wrapper\">\n\n\t\t\t\n\t\t\t\t\t\t<div class=\"elementor-icon-box-content\">\n\n\t\t\t\t\t\t\t\t\t<h3 class=\"elementor-icon-box-title\">\n\t\t\t\t\t\t<span  >\n\t\t\t\t\t\t\tWhatsapp\uff1a\t\t\t\t\t\t<\/span>\n\t\t\t\t\t<\/h3>\n\t\t\t\t\n\t\t\t\t\t\t\t\t\t<p class=\"elementor-icon-box-description\">\n\t\t\t\t\t\t+86 131 7305 2736\t\t\t\t\t<\/p>\n\t\t\t\t\n\t\t\t<\/div>\n\t\t\t\n\t\t<\/div>\n\t\t\t\t\t\t<\/div>\n\t\t\t\t<div class=\"elementor-element elementor-element-698a762 elementor-shape-circle e-grid-align-left e-grid-align-tablet-center elementor-grid-0 elementor-widget elementor-widget-social-icons\" data-id=\"698a762\" data-element_type=\"widget\" data-e-type=\"widget\" data-widget_type=\"social-icons.default\">\n\t\t\t\t\t\t\t<div class=\"elementor-social-icons-wrapper elementor-grid\" role=\"list\">\n\t\t\t\t\t\t\t<span class=\"elementor-grid-item\" role=\"listitem\">\n\t\t\t\t\t<a class=\"elementor-icon elementor-social-icon elementor-social-icon-facebook-f elementor-repeater-item-bc95ee9\" target=\"_blank\">\n\t\t\t\t\t\t<span class=\"elementor-screen-only\">Facebook-f<\/span>\n\t\t\t\t\t\t<svg aria-hidden=\"true\" class=\"e-font-icon-svg e-fab-facebook-f\" viewbox=\"0 0 320 512\" xmlns=\"http:\/\/www.w3.org\/2000\/svg\"><path d=\"M279.14 288l14.22-92.66h-88.91v-60.13c0-25.35 12.42-50.06 52.24-50.06h40.42V6.26S260.43 0 225.36 0c-73.22 0-121.08 44.38-121.08 124.72v70.62H22.89V288h81.39v224h100.17V288z\"><\/path><\/svg>\t\t\t\t\t<\/a>\n\t\t\t\t<\/span>\n\t\t\t\t\t\t\t<span class=\"elementor-grid-item\" role=\"listitem\">\n\t\t\t\t\t<a class=\"elementor-icon elementor-social-icon elementor-social-icon-twitter elementor-repeater-item-dc2e752\" target=\"_blank\">\n\t\t\t\t\t\t<span class=\"elementor-screen-only\">Twitter<\/span>\n\t\t\t\t\t\t<svg aria-hidden=\"true\" class=\"e-font-icon-svg e-fab-twitter\" viewbox=\"0 0 512 512\" xmlns=\"http:\/\/www.w3.org\/2000\/svg\"><path d=\"M459.37 151.716c.325 4.548.325 9.097.325 13.645 0 138.72-105.583 298.558-298.558 298.558-59.452 0-114.68-17.219-161.137-47.106 8.447.974 16.568 1.299 25.34 1.299 49.055 0 94.213-16.568 130.274-44.832-46.132-.975-84.792-31.188-98.112-72.772 6.498.974 12.995 1.624 19.818 1.624 9.421 0 18.843-1.3 27.614-3.573-48.081-9.747-84.143-51.98-84.143-102.985v-1.299c13.969 7.797 30.214 12.67 47.431 13.319-28.264-18.843-46.781-51.005-46.781-87.391 0-19.492 5.197-37.36 14.294-52.954 51.655 63.675 129.3 105.258 216.365 109.807-1.624-7.797-2.599-15.918-2.599-24.04 0-57.828 46.782-104.934 104.934-104.934 30.213 0 57.502 12.67 76.67 33.137 23.715-4.548 46.456-13.32 66.599-25.34-7.798 24.366-24.366 44.833-46.132 57.827 21.117-2.273 41.584-8.122 60.426-16.243-14.292 20.791-32.161 39.308-52.628 54.253z\"><\/path><\/svg>\t\t\t\t\t<\/a>\n\t\t\t\t<\/span>\n\t\t\t\t\t\t\t<span class=\"elementor-grid-item\" role=\"listitem\">\n\t\t\t\t\t<a class=\"elementor-icon elementor-social-icon elementor-social-icon-google-plus-g elementor-repeater-item-b2d922d\" target=\"_blank\">\n\t\t\t\t\t\t<span class=\"elementor-screen-only\">Google-plus-g<\/span>\n\t\t\t\t\t\t<svg aria-hidden=\"true\" class=\"e-font-icon-svg e-fab-google-plus-g\" viewbox=\"0 0 640 512\" xmlns=\"http:\/\/www.w3.org\/2000\/svg\"><path d=\"M386.061 228.496c1.834 9.692 3.143 19.384 3.143 31.956C389.204 370.205 315.599 448 204.8 448c-106.084 0-192-85.915-192-192s85.916-192 192-192c51.864 0 95.083 18.859 128.611 50.292l-52.126 50.03c-14.145-13.621-39.028-29.599-76.485-29.599-65.484 0-118.92 54.221-118.92 121.277 0 67.056 53.436 121.277 118.92 121.277 75.961 0 104.513-54.745 108.965-82.773H204.8v-66.009h181.261zm185.406 6.437V179.2h-56.001v55.733h-55.733v56.001h55.733v55.733h56.001v-55.733H627.2v-56.001h-55.733z\"><\/path><\/svg>\t\t\t\t\t<\/a>\n\t\t\t\t<\/span>\n\t\t\t\t\t<\/div>\n\t\t\t\t\t\t<\/div>\n\t\t\t\t<\/div>\n\t\t<div class=\"elementor-element elementor-element-1aa6a81 e-con-full e-flex e-con e-child\" data-id=\"1aa6a81\" data-element_type=\"container\" data-e-type=\"container\">\n\t\t\t\t<div class=\"elementor-element elementor-element-db36b88 elementor-widget elementor-widget-text-editor\" data-id=\"db36b88\" data-element_type=\"widget\" data-e-type=\"widget\" data-widget_type=\"text-editor.default\">\n\t\t\t\t\t\t\t\t\t<p><strong>Erweiterte Medizinische Mikroskope: Excellence in Precision<\/strong><\/p><p>Willkommen zu Jinan Tongzhuo Technology&amp;Trade Co., Ltd., Chinas f\u00fchrende Hersteller von spezialisierten medizinischen mikroskopen.Wir haben festgestellt, ausgezeichnete kooperative Beziehungen mit zahlreichen medizinischen Einrichtungen in China, und auch haben unsere eigene offshore-Firma in Hong Kong.<\/p><p>\u00a0Unsere Pr\u00e4zisions-Instrumente sind f\u00fchrende Krankenh\u00e4user Bundesweit f\u00fcr Ihre au\u00dfergew\u00f6hnliche Qualit\u00e4t, innovatives design und herausragende Leistung. ZoomSurg ist die Marke Namen f\u00fcr unsere Firma ist medizinische Ger\u00e4t Produkte.<\/p><p>Die Schl\u00fcssel Komponenten von unsere Mikroskop Produkte stammen von namhaften Unternehmen wie Leica, Zeiss und Olympus. Und wir bietet eine umfassende Palette an medizinischen Mikroskopie-L\u00f6sungen entwickelt, um die anspruchsvollen Bed\u00fcrfnisse von medizinischen Fachkr\u00e4ften:<\/p><p>Op-Mikroskop:Entwickelt mit Pr\u00e4zision Optik und ergonomisches design f\u00fcr optimale Leistung bei komplexen chirurgischen Eingriffen.<\/p><p>Ophthalmologische Mikroskope:Mit erweiterte Beleuchtung Systeme und hochaufl\u00f6sende Optik f\u00fcr eine detaillierte Untersuchung und Behandlung von Augenerkrankungen.<\/p><p>Dental-Mikroskope:Kompakte, vielseitige Instrumente mit flexiblen positionierungsm\u00f6glichkeiten f\u00fcr verbesserte dental Verfahren und Diagnostik.<\/p><p>Zubeh\u00f6r:Umfassende Auswahl der Beleuchtung, Lampen, spezielle Linsen und Montage Armen zu passen Sie Ihr Mikroskop-system.<\/p>\t\t\t\t\t\t\t\t<\/div>\n\t\t\t\t<\/div>\n\t\t\t\t<\/div>\n\t\t\t\t<\/div>\n\t\t\t\t\t<\/div>\n\t\t\t\t<\/div>\n\t\t\t\t<\/div>","protected":false},"excerpt":{"rendered":"<p>About Us Address\uff1a Unit B05, 16\/FL Haowangjiao Corner Centre, No.800 Minghu West Street, Jinan China Email: support@zoomsurg.com Phone: +86 131 7305 2736 Whatsapp\uff1a +86 131 7305 2736 Facebook-f Twitter Google-plus-g Advanced Medical Microscopes: Excellence in Precision Welcome to Jinan Tongzhuo Technology&amp;Trade Co., Ltd., China&#8217;s premier manufacturer of specialized medical microscopes.We have established excellent cooperative relationships [&hellip;]<\/p>","protected":false},"author":1,"featured_media":0,"parent":0,"menu_order":0,"comment_status":"closed","ping_status":"closed","template":"elementor_header_footer","meta":{"footnotes":""},"class_list":["post-44","page","type-page","status-publish","hentry"],"_links":{"self":[{"href":"https:\/\/zoomsurg.com\/de\/wp-json\/wp\/v2\/pages\/44","targetHints":{"allow":["GET"]}}],"collection":[{"href":"https:\/\/zoomsurg.com\/de\/wp-json\/wp\/v2\/pages"}],"about":[{"href":"https:\/\/zoomsurg.com\/de\/wp-json\/wp\/v2\/types\/page"}],"author":[{"embeddable":true,"href":"https:\/\/zoomsurg.com\/de\/wp-json\/wp\/v2\/users\/1"}],"replies":[{"embeddable":true,"href":"https:\/\/zoomsurg.com\/de\/wp-json\/wp\/v2\/comments?post=44"}],"version-history":[{"count":51,"href":"https:\/\/zoomsurg.com\/de\/wp-json\/wp\/v2\/pages\/44\/revisions"}],"predecessor-version":[{"id":823,"href":"https:\/\/zoomsurg.com\/de\/wp-json\/wp\/v2\/pages\/44\/revisions\/823"}],"wp:attachment":[{"href":"https:\/\/zoomsurg.com\/de\/wp-json\/wp\/v2\/media?parent=44"}],"curies":[{"name":"wp","href":"https:\/\/api.w.org\/{rel}","templated":true}]}}